{"id":3630,"date":"2023-05-11T17:31:38","date_gmt":"2023-05-11T15:31:38","guid":{"rendered":"http:\/\/ecminfissi.it\/realizzazioni\/"},"modified":"2023-05-25T15:12:14","modified_gmt":"2023-05-25T13:12:14","slug":"fabrication","status":"publish","type":"page","link":"https:\/\/ecminfissi.it\/fr\/fabrication\/","title":{"rendered":"Fabrication"},"content":{"rendered":"\t\t<div data-elementor-type=\"wp-page\" data-elementor-id=\"3630\" class=\"elementor elementor-3630 elementor-2227\" data-elementor-post-type=\"page\">\n\t\t\t\t<div class=\"elementor-element elementor-element-43d3614 e-flex e-con-boxed e-con e-parent\" data-id=\"43d3614\" data-element_type=\"container\" data-e-type=\"container\">\n\t\t\t\t\t<div class=\"e-con-inner\">\n\t\t\t\t<div class=\"elementor-element elementor-element-4b9ea00 elementor-widget elementor-widget-text-editor\" data-id=\"4b9ea00\" data-element_type=\"widget\" data-e-type=\"widget\" data-widget_type=\"text-editor.default\">\n\t\t\t\t<div class=\"elementor-widget-container\">\n\t\t\t\t\t\t\t\t\t<p>Nous cr\u00e9ons toutes sortes de solutions, des cadres en aluminium et en PVC standard ou personnalis\u00e9s, ainsi que des produits en fer fabriqu\u00e9s \u00e0 la main.<\/p>\t\t\t\t\t\t\t\t<\/div>\n\t\t\t\t<\/div>\n\t\t\t\t\t<\/div>\n\t\t\t\t<\/div>\n\t\t<div class=\"elementor-element elementor-element-11615e5 e-flex e-con-boxed e-con e-parent\" data-id=\"11615e5\" data-element_type=\"container\" data-e-type=\"container\">\n\t\t\t\t\t<div class=\"e-con-inner\">\n\t\t<a class=\"elementor-element elementor-element-6e9a8d1 e-flex e-con-boxed e-con e-child\" data-id=\"6e9a8d1\" data-element_type=\"container\" data-e-type=\"container\" data-settings=\"{&quot;background_background&quot;:&quot;classic&quot;}\" href=\"http:\/\/ecminfissi.it\/fr\/fabrication\/aluminium\/\">\n\t\t\t\t\t<div class=\"e-con-inner\">\n\t\t\t\t<div class=\"elementor-element elementor-element-14c392d elementor-widget elementor-widget-heading\" data-id=\"14c392d\" data-element_type=\"widget\" data-e-type=\"widget\" data-widget_type=\"heading.default\">\n\t\t\t\t<div class=\"elementor-widget-container\">\n\t\t\t\t\t<h2 class=\"elementor-heading-title elementor-size-default\">Aluminium<\/h2>\t\t\t\t<\/div>\n\t\t\t\t<\/div>\n\t\t\t\t\t<\/div>\n\t\t\t\t<\/a>\n\t\t<a class=\"elementor-element elementor-element-c005d17 e-flex e-con-boxed e-con e-child\" data-id=\"c005d17\" data-element_type=\"container\" data-e-type=\"container\" data-settings=\"{&quot;background_background&quot;:&quot;classic&quot;}\" href=\"http:\/\/ecminfissi.it\/fr\/fabrication\/le-fer\/\">\n\t\t\t\t\t<div class=\"e-con-inner\">\n\t\t\t\t<div class=\"elementor-element elementor-element-f27ee24 elementor-widget elementor-widget-heading\" data-id=\"f27ee24\" data-element_type=\"widget\" data-e-type=\"widget\" data-widget_type=\"heading.default\">\n\t\t\t\t<div class=\"elementor-widget-container\">\n\t\t\t\t\t<h2 class=\"elementor-heading-title elementor-size-default\">Le fer<\/h2>\t\t\t\t<\/div>\n\t\t\t\t<\/div>\n\t\t\t\t\t<\/div>\n\t\t\t\t<\/a>\n\t\t\t\t\t<\/div>\n\t\t\t\t<\/div>\n\t\t<div class=\"elementor-element elementor-element-ce82644 e-flex e-con-boxed e-con e-parent\" data-id=\"ce82644\" data-element_type=\"container\" data-e-type=\"container\">\n\t\t\t\t\t<div class=\"e-con-inner\">\n\t\t<a class=\"elementor-element elementor-element-ce3d22e e-flex e-con-boxed e-con e-child\" data-id=\"ce3d22e\" data-element_type=\"container\" data-e-type=\"container\" data-settings=\"{&quot;background_background&quot;:&quot;classic&quot;}\" href=\"http:\/\/ecminfissi.it\/fr\/fabrication\/pvc\/\">\n\t\t\t\t\t<div class=\"e-con-inner\">\n\t\t\t\t<div class=\"elementor-element elementor-element-b54e936 elementor-widget elementor-widget-heading\" data-id=\"b54e936\" data-element_type=\"widget\" data-e-type=\"widget\" data-widget_type=\"heading.default\">\n\t\t\t\t<div class=\"elementor-widget-container\">\n\t\t\t\t\t<h2 class=\"elementor-heading-title elementor-size-default\">Pvc<\/h2>\t\t\t\t<\/div>\n\t\t\t\t<\/div>\n\t\t\t\t\t<\/div>\n\t\t\t\t<\/a>\n\t\t<a class=\"elementor-element elementor-element-7f51da0 e-flex e-con-boxed e-con e-child\" data-id=\"7f51da0\" data-element_type=\"container\" data-e-type=\"container\" data-settings=\"{&quot;background_background&quot;:&quot;classic&quot;}\" href=\"http:\/\/ecminfissi.it\/fr\/fabrication\/divers\/\">\n\t\t\t\t\t<div class=\"e-con-inner\">\n\t\t\t\t<div class=\"elementor-element elementor-element-f05d087 elementor-widget elementor-widget-heading\" data-id=\"f05d087\" data-element_type=\"widget\" data-e-type=\"widget\" data-widget_type=\"heading.default\">\n\t\t\t\t<div class=\"elementor-widget-container\">\n\t\t\t\t\t<h2 class=\"elementor-heading-title elementor-size-default\">Divers<\/h2>\t\t\t\t<\/div>\n\t\t\t\t<\/div>\n\t\t\t\t\t<\/div>\n\t\t\t\t<\/a>\n\t\t\t\t\t<\/div>\n\t\t\t\t<\/div>\n\t\t<div class=\"elementor-element elementor-element-5f2abc4 e-flex e-con-boxed e-con e-parent\" data-id=\"5f2abc4\" data-element_type=\"container\" data-e-type=\"container\">\n\t\t\t\t\t<div class=\"e-con-inner\">\n\t\t<a class=\"elementor-element elementor-element-cdfaf8e e-flex e-con-boxed e-con e-child\" data-id=\"cdfaf8e\" data-element_type=\"container\" data-e-type=\"container\" data-settings=\"{&quot;background_background&quot;:&quot;classic&quot;}\" href=\"http:\/\/ecminfissi.it\/fr\/showroom\/\">\n\t\t\t\t\t<div class=\"e-con-inner\">\n\t\t<div class=\"elementor-element elementor-element-f1b2e4c e-flex e-con-boxed e-con e-child\" data-id=\"f1b2e4c\" data-element_type=\"container\" data-e-type=\"container\">\n\t\t\t\t\t<div class=\"e-con-inner\">\n\t\t\t\t<div class=\"elementor-element elementor-element-9ca8714 elementor-widget__width-auto elementor-widget elementor-widget-heading\" data-id=\"9ca8714\" data-element_type=\"widget\" data-e-type=\"widget\" data-widget_type=\"heading.default\">\n\t\t\t\t<div class=\"elementor-widget-container\">\n\t\t\t\t\t<h2 class=\"elementor-heading-title elementor-size-default\">Visiter<\/h2>\t\t\t\t<\/div>\n\t\t\t\t<\/div>\n\t\t\t\t<div class=\"elementor-element elementor-element-63edfc1 elementor-widget__width-auto elementor-widget elementor-widget-heading\" data-id=\"63edfc1\" data-element_type=\"widget\" data-e-type=\"widget\" data-widget_type=\"heading.default\">\n\t\t\t\t<div class=\"elementor-widget-container\">\n\t\t\t\t\t<h2 class=\"elementor-heading-title elementor-size-default\">Le Showroom<\/h2>\t\t\t\t<\/div>\n\t\t\t\t<\/div>\n\t\t\t\t\t<\/div>\n\t\t\t\t<\/div>\n\t\t\t\t\t<\/div>\n\t\t\t\t<\/a>\n\t\t\t\t\t<\/div>\n\t\t\t\t<\/div>\n\t\t\t\t<\/div>\n\t\t","protected":false},"excerpt":{"rendered":"<p>Nous cr\u00e9ons toutes sortes de solutions, des cadres en aluminium et en PVC standard ou personnalis\u00e9s, ainsi que des produits en fer fabriqu\u00e9s \u00e0 la main. Aluminium Le fer Pvc Divers Visiter Le Showroom<\/p>\n","protected":false},"author":3,"featured_media":0,"parent":0,"menu_order":0,"comment_status":"closed","ping_status":"closed","template":"","meta":{"_joinchat":[],"footnotes":""},"tags":[],"page_category":[],"class_list":["post-3630","page","type-page","status-publish","hentry"],"yoast_head":"<!-- This site is optimized with the Yoast SEO plugin v27.3 - https:\/\/yoast.com\/product\/yoast-seo-wordpress\/ -->\n<title>Fabrication | E.C.M. Infissi<\/title>\n<meta name=\"robots\" content=\"index, follow, max-snippet:-1, max-image-preview:large, max-video-preview:-1\" \/>\n<link rel=\"canonical\" href=\"https:\/\/ecminfissi.it\/fr\/fabrication\/\" \/>\n<meta property=\"og:locale\" content=\"fr_FR\" \/>\n<meta property=\"og:type\" content=\"article\" \/>\n<meta property=\"og:title\" content=\"Fabrication | E.C.M. Infissi\" \/>\n<meta property=\"og:description\" content=\"Nous cr\u00e9ons toutes sortes de solutions, des cadres en aluminium et en PVC standard ou personnalis\u00e9s, ainsi que des produits en fer fabriqu\u00e9s \u00e0 la main. Aluminium Le fer Pvc Divers Visiter Le Showroom\" \/>\n<meta property=\"og:url\" content=\"https:\/\/ecminfissi.it\/fr\/fabrication\/\" \/>\n<meta property=\"og:site_name\" content=\"E.C.M. Infissi\" \/>\n<meta property=\"article:publisher\" content=\"https:\/\/www.facebook.com\/EcmInfissi\" \/>\n<meta property=\"article:modified_time\" content=\"2023-05-25T13:12:14+00:00\" \/>\n<meta property=\"og:image\" content=\"https:\/\/ecminfissi.it\/wp-content\/uploads\/2015\/11\/ecm-infissi-serramenti-finestre-logo.png\" \/>\n\t<meta property=\"og:image:width\" content=\"300\" \/>\n\t<meta property=\"og:image:height\" content=\"142\" \/>\n\t<meta property=\"og:image:type\" content=\"image\/png\" \/>\n<meta name=\"twitter:card\" content=\"summary_large_image\" \/>\n<meta name=\"twitter:label1\" content=\"Dur\u00e9e de lecture estim\u00e9e\" \/>\n\t<meta name=\"twitter:data1\" content=\"1 minute\" \/>\n<script type=\"application\/ld+json\" class=\"yoast-schema-graph\">{\"@context\":\"https:\\\/\\\/schema.org\",\"@graph\":[{\"@type\":\"WebPage\",\"@id\":\"https:\\\/\\\/ecminfissi.it\\\/fr\\\/fabrication\\\/\",\"url\":\"https:\\\/\\\/ecminfissi.it\\\/fr\\\/fabrication\\\/\",\"name\":\"Fabrication | E.C.M. Infissi\",\"isPartOf\":{\"@id\":\"https:\\\/\\\/ecminfissi.it\\\/#website\"},\"datePublished\":\"2023-05-11T15:31:38+00:00\",\"dateModified\":\"2023-05-25T13:12:14+00:00\",\"breadcrumb\":{\"@id\":\"https:\\\/\\\/ecminfissi.it\\\/fr\\\/fabrication\\\/#breadcrumb\"},\"inLanguage\":\"fr-FR\",\"potentialAction\":[{\"@type\":\"ReadAction\",\"target\":[\"https:\\\/\\\/ecminfissi.it\\\/fr\\\/fabrication\\\/\"]}]},{\"@type\":\"BreadcrumbList\",\"@id\":\"https:\\\/\\\/ecminfissi.it\\\/fr\\\/fabrication\\\/#breadcrumb\",\"itemListElement\":[{\"@type\":\"ListItem\",\"position\":1,\"name\":\"Home\",\"item\":\"https:\\\/\\\/ecminfissi.it\\\/\"},{\"@type\":\"ListItem\",\"position\":2,\"name\":\"Fabrication\"}]},{\"@type\":\"WebSite\",\"@id\":\"https:\\\/\\\/ecminfissi.it\\\/#website\",\"url\":\"https:\\\/\\\/ecminfissi.it\\\/\",\"name\":\"ECM Infissi\",\"description\":\"Infissi, Serramenti e Finestre in Alluminio e PVC\",\"publisher\":{\"@id\":\"https:\\\/\\\/ecminfissi.it\\\/#organization\"},\"alternateName\":\"Infissi, Serramenti e Finestre in Alluminio e PVC\",\"potentialAction\":[{\"@type\":\"SearchAction\",\"target\":{\"@type\":\"EntryPoint\",\"urlTemplate\":\"https:\\\/\\\/ecminfissi.it\\\/?s={search_term_string}\"},\"query-input\":{\"@type\":\"PropertyValueSpecification\",\"valueRequired\":true,\"valueName\":\"search_term_string\"}}],\"inLanguage\":\"fr-FR\"},{\"@type\":\"Organization\",\"@id\":\"https:\\\/\\\/ecminfissi.it\\\/#organization\",\"name\":\"ECM Infissi\",\"url\":\"https:\\\/\\\/ecminfissi.it\\\/\",\"logo\":{\"@type\":\"ImageObject\",\"inLanguage\":\"fr-FR\",\"@id\":\"https:\\\/\\\/ecminfissi.it\\\/#\\\/schema\\\/logo\\\/image\\\/\",\"url\":\"https:\\\/\\\/ecminfissi.it\\\/wp-content\\\/uploads\\\/2015\\\/11\\\/ecm-infissi-serramenti-finestre-logo.png\",\"contentUrl\":\"https:\\\/\\\/ecminfissi.it\\\/wp-content\\\/uploads\\\/2015\\\/11\\\/ecm-infissi-serramenti-finestre-logo.png\",\"width\":300,\"height\":142,\"caption\":\"ECM Infissi\"},\"image\":{\"@id\":\"https:\\\/\\\/ecminfissi.it\\\/#\\\/schema\\\/logo\\\/image\\\/\"},\"sameAs\":[\"https:\\\/\\\/www.facebook.com\\\/EcmInfissi\",\"https:\\\/\\\/it.linkedin.com\\\/company\\\/ecm-srl-produttori-di-infissi\"]}]}<\/script>\n<!-- \/ Yoast SEO plugin. -->","yoast_head_json":{"title":"Fabrication | E.C.M. Infissi","robots":{"index":"index","follow":"follow","max-snippet":"max-snippet:-1","max-image-preview":"max-image-preview:large","max-video-preview":"max-video-preview:-1"},"canonical":"https:\/\/ecminfissi.it\/fr\/fabrication\/","og_locale":"fr_FR","og_type":"article","og_title":"Fabrication | E.C.M. Infissi","og_description":"Nous cr\u00e9ons toutes sortes de solutions, des cadres en aluminium et en PVC standard ou personnalis\u00e9s, ainsi que des produits en fer fabriqu\u00e9s \u00e0 la main. Aluminium Le fer Pvc Divers Visiter Le Showroom","og_url":"https:\/\/ecminfissi.it\/fr\/fabrication\/","og_site_name":"E.C.M. Infissi","article_publisher":"https:\/\/www.facebook.com\/EcmInfissi","article_modified_time":"2023-05-25T13:12:14+00:00","og_image":[{"width":300,"height":142,"url":"https:\/\/ecminfissi.it\/wp-content\/uploads\/2015\/11\/ecm-infissi-serramenti-finestre-logo.png","type":"image\/png"}],"twitter_card":"summary_large_image","twitter_misc":{"Dur\u00e9e de lecture estim\u00e9e":"1 minute"},"schema":{"@context":"https:\/\/schema.org","@graph":[{"@type":"WebPage","@id":"https:\/\/ecminfissi.it\/fr\/fabrication\/","url":"https:\/\/ecminfissi.it\/fr\/fabrication\/","name":"Fabrication | E.C.M. Infissi","isPartOf":{"@id":"https:\/\/ecminfissi.it\/#website"},"datePublished":"2023-05-11T15:31:38+00:00","dateModified":"2023-05-25T13:12:14+00:00","breadcrumb":{"@id":"https:\/\/ecminfissi.it\/fr\/fabrication\/#breadcrumb"},"inLanguage":"fr-FR","potentialAction":[{"@type":"ReadAction","target":["https:\/\/ecminfissi.it\/fr\/fabrication\/"]}]},{"@type":"BreadcrumbList","@id":"https:\/\/ecminfissi.it\/fr\/fabrication\/#breadcrumb","itemListElement":[{"@type":"ListItem","position":1,"name":"Home","item":"https:\/\/ecminfissi.it\/"},{"@type":"ListItem","position":2,"name":"Fabrication"}]},{"@type":"WebSite","@id":"https:\/\/ecminfissi.it\/#website","url":"https:\/\/ecminfissi.it\/","name":"ECM Infissi","description":"Infissi, Serramenti e Finestre in Alluminio e PVC","publisher":{"@id":"https:\/\/ecminfissi.it\/#organization"},"alternateName":"Infissi, Serramenti e Finestre in Alluminio e PVC","potentialAction":[{"@type":"SearchAction","target":{"@type":"EntryPoint","urlTemplate":"https:\/\/ecminfissi.it\/?s={search_term_string}"},"query-input":{"@type":"PropertyValueSpecification","valueRequired":true,"valueName":"search_term_string"}}],"inLanguage":"fr-FR"},{"@type":"Organization","@id":"https:\/\/ecminfissi.it\/#organization","name":"ECM Infissi","url":"https:\/\/ecminfissi.it\/","logo":{"@type":"ImageObject","inLanguage":"fr-FR","@id":"https:\/\/ecminfissi.it\/#\/schema\/logo\/image\/","url":"https:\/\/ecminfissi.it\/wp-content\/uploads\/2015\/11\/ecm-infissi-serramenti-finestre-logo.png","contentUrl":"https:\/\/ecminfissi.it\/wp-content\/uploads\/2015\/11\/ecm-infissi-serramenti-finestre-logo.png","width":300,"height":142,"caption":"ECM Infissi"},"image":{"@id":"https:\/\/ecminfissi.it\/#\/schema\/logo\/image\/"},"sameAs":["https:\/\/www.facebook.com\/EcmInfissi","https:\/\/it.linkedin.com\/company\/ecm-srl-produttori-di-infissi"]}]}},"_links":{"self":[{"href":"https:\/\/ecminfissi.it\/fr\/wp-json\/wp\/v2\/pages\/3630","targetHints":{"allow":["GET"]}}],"collection":[{"href":"https:\/\/ecminfissi.it\/fr\/wp-json\/wp\/v2\/pages"}],"about":[{"href":"https:\/\/ecminfissi.it\/fr\/wp-json\/wp\/v2\/types\/page"}],"author":[{"embeddable":true,"href":"https:\/\/ecminfissi.it\/fr\/wp-json\/wp\/v2\/users\/3"}],"replies":[{"embeddable":true,"href":"https:\/\/ecminfissi.it\/fr\/wp-json\/wp\/v2\/comments?post=3630"}],"version-history":[{"count":0,"href":"https:\/\/ecminfissi.it\/fr\/wp-json\/wp\/v2\/pages\/3630\/revisions"}],"wp:attachment":[{"href":"https:\/\/ecminfissi.it\/fr\/wp-json\/wp\/v2\/media?parent=3630"}],"wp:term":[{"taxonomy":"post_tag","embeddable":true,"href":"https:\/\/ecminfissi.it\/fr\/wp-json\/wp\/v2\/tags?post=3630"},{"taxonomy":"page_category","embeddable":true,"href":"https:\/\/ecminfissi.it\/fr\/wp-json\/wp\/v2\/page_category?post=3630"}],"curies":[{"name":"wp","href":"https:\/\/api.w.org\/{rel}","templated":true}]}}