{"id":3615,"date":"2023-05-11T15:47:12","date_gmt":"2023-05-11T13:47:12","guid":{"rendered":"http:\/\/ecminfissi.it\/produits\/lavorazioni-in-ferro\/"},"modified":"2023-05-22T13:11:06","modified_gmt":"2023-05-22T11:11:06","slug":"ferronnerie","status":"publish","type":"page","link":"https:\/\/ecminfissi.it\/fr\/produits\/ferronnerie\/","title":{"rendered":"Ferronnerie"},"content":{"rendered":"\t\t<div data-elementor-type=\"wp-page\" data-elementor-id=\"3615\" class=\"elementor elementor-3615 elementor-2207\" data-elementor-post-type=\"page\">\n\t\t\t\t<div class=\"elementor-element elementor-element-5bd18c5 e-flex e-con-boxed e-con e-parent\" data-id=\"5bd18c5\" data-element_type=\"container\" data-e-type=\"container\">\n\t\t\t\t\t<div class=\"e-con-inner\">\n\t\t<div class=\"elementor-element elementor-element-0a787d5 e-flex e-con-boxed e-con e-child\" data-id=\"0a787d5\" data-element_type=\"container\" data-e-type=\"container\">\n\t\t\t\t\t<div class=\"e-con-inner\">\n\t\t\t\t<div class=\"elementor-element elementor-element-2c40e49 elementor-widget elementor-widget-text-editor\" data-id=\"2c40e49\" data-element_type=\"widget\" data-e-type=\"widget\" data-widget_type=\"text-editor.default\">\n\t\t\t\t<div class=\"elementor-widget-container\">\n\t\t\t\t\t\t\t\t\t<p>L&rsquo;histoire d&rsquo;E.C.M. est n\u00e9e du secteur de la menuiserie m\u00e9tallique, avec les premiers produits artisanaux en fer fabriqu\u00e9s pour des commandes locales.<br \/>Depuis plus de soixante ans E.C.M. met l&rsquo;exp\u00e9rience et le professionnalisme \u00e0 la disposition des clients, garantissant un excellent savoir-faire en fer, y compris le fer forg\u00e9.<\/p><p>Nous <strong>construisons et installons<\/strong> des balustrades, des escaliers, des garde-corps, des grilles, des mains courantes, des portails pi\u00e9tons, des portails d&rsquo;entr\u00e9e \u00e9galement avec automatisation, des gazebos, des compteurs, des passerelles, des portes, des balcons, des mezzanines, des garages et des structures de toutes sortes, auxquels s&rsquo;ajoutent des <strong>proc\u00e9d\u00e9s<\/strong> tels que la galvanisation \u00e0 chaud ou \u00e0 froid, la peinture en poudre \u00e9poxy s\u00e9ch\u00e9e au four et le sablage.<\/p><p>L&rsquo;entreprise est certifi\u00e9e depuis 2011 conform\u00e9ment \u00e0 l&rsquo;arr\u00eat\u00e9 minist\u00e9riel du 17 janvier 2018 en tant qu&rsquo;atelier pour la production de menuiserie m\u00e9tallique, <strong>UNI EN ISO 3834<\/strong> et conform\u00e9ment au r\u00e8glement 305\/2011\/UE du Parlement europ\u00e9en en tant qu&rsquo;ex\u00e9cution de structures en acier, <strong>EN 1090-1<\/strong>. Les normes englobent l&rsquo;ensemble du processus de production de la menuiserie, depuis l&rsquo;analyse du devis, la commande de mat\u00e9riel certifi\u00e9, les types et caract\u00e9ristiques de production, les phases de r\u00e9alisation, la certification et l&rsquo;assistance apr\u00e8s-vente. Les certifications constituent en effet un indice de fiabilit\u00e9 de l&rsquo;entreprise relative \u00e0 la transformation de l&rsquo;acier selon la r\u00e9glementation en vigueur et les certificats correspondants.<\/p>\t\t\t\t\t\t\t\t<\/div>\n\t\t\t\t<\/div>\n\t\t\t\t\t<\/div>\n\t\t\t\t<\/div>\n\t\t<div class=\"elementor-element elementor-element-9362932 e-flex e-con-boxed e-con e-child\" data-id=\"9362932\" data-element_type=\"container\" data-e-type=\"container\">\n\t\t\t\t\t<div class=\"e-con-inner\">\n\t\t<div class=\"elementor-element elementor-element-6e47db5 e-flex e-con-boxed e-con e-child\" data-id=\"6e47db5\" data-element_type=\"container\" data-e-type=\"container\" data-settings=\"{&quot;background_background&quot;:&quot;slideshow&quot;,&quot;background_slideshow_gallery&quot;:[{&quot;id&quot;:3240,&quot;url&quot;:&quot;http:\\\/\\\/ecminfissi.it\\\/wp-content\\\/uploads\\\/2023\\\/05\\\/ecm-infissi-alluminio-pvc-finestre-ancona-realizzazioni-in-ferro-img.jpg&quot;},{&quot;id&quot;:2722,&quot;url&quot;:&quot;http:\\\/\\\/ecminfissi.it\\\/wp-content\\\/uploads\\\/2023\\\/05\\\/ecm-infissi-alluminio-pvc-finestre-ancona-realizzazioni-in-ferro-59.jpg&quot;},{&quot;id&quot;:2594,&quot;url&quot;:&quot;http:\\\/\\\/ecminfissi.it\\\/wp-content\\\/uploads\\\/2023\\\/05\\\/ecm-infissi-alluminio-pvc-finestre-ancona-realizzazioni-in-ferro-27.jpg&quot;},{&quot;id&quot;:2558,&quot;url&quot;:&quot;http:\\\/\\\/ecminfissi.it\\\/wp-content\\\/uploads\\\/2023\\\/05\\\/ecm-infissi-alluminio-pvc-finestre-ancona-realizzazioni-in-ferro-18.jpg&quot;},{&quot;id&quot;:2730,&quot;url&quot;:&quot;http:\\\/\\\/ecminfissi.it\\\/wp-content\\\/uploads\\\/2023\\\/05\\\/ecm-infissi-alluminio-pvc-finestre-ancona-realizzazioni-in-ferro-61.jpg&quot;},{&quot;id&quot;:2694,&quot;url&quot;:&quot;http:\\\/\\\/ecminfissi.it\\\/wp-content\\\/uploads\\\/2023\\\/05\\\/ecm-infissi-alluminio-pvc-finestre-ancona-realizzazioni-in-ferro-52.jpg&quot;}],&quot;background_slideshow_slide_duration&quot;:9999,&quot;background_slideshow_slide_transition&quot;:&quot;slide_left&quot;,&quot;background_slideshow_loop&quot;:&quot;yes&quot;,&quot;background_slideshow_transition_duration&quot;:500}\">\n\t\t\t\t\t<div class=\"e-con-inner\">\n\t\t\t\t\t<\/div>\n\t\t\t\t<\/div>\n\t\t<div class=\"elementor-element elementor-element-51db3db e-flex e-con-boxed e-con e-child\" data-id=\"51db3db\" data-element_type=\"container\" data-e-type=\"container\">\n\t\t\t\t\t<div class=\"e-con-inner\">\n\t\t\t\t<div class=\"elementor-element elementor-element-1e085b5 elementor-widget__width-initial e-transform elementor-align-center elementor-widget elementor-widget-lottie\" data-id=\"1e085b5\" data-element_type=\"widget\" data-e-type=\"widget\" data-settings=\"{&quot;source&quot;:&quot;external_url&quot;,&quot;source_external_url&quot;:{&quot;url&quot;:&quot;https:\\\/\\\/assets2.lottiefiles.com\\\/private_files\\\/lf30_0ybqtnnn.json&quot;,&quot;is_external&quot;:&quot;&quot;,&quot;nofollow&quot;:&quot;&quot;,&quot;custom_attributes&quot;:&quot;&quot;},&quot;loop&quot;:&quot;yes&quot;,&quot;play_speed&quot;:{&quot;unit&quot;:&quot;px&quot;,&quot;size&quot;:0.5,&quot;sizes&quot;:[]},&quot;_transform_rotateZ_effect&quot;:{&quot;unit&quot;:&quot;px&quot;,&quot;size&quot;:-90,&quot;sizes&quot;:[]},&quot;lazyload&quot;:&quot;yes&quot;,&quot;link_to&quot;:&quot;none&quot;,&quot;trigger&quot;:&quot;arriving_to_viewport&quot;,&quot;viewport&quot;:{&quot;unit&quot;:&quot;%&quot;,&quot;size&quot;:&quot;&quot;,&quot;sizes&quot;:{&quot;start&quot;:0,&quot;end&quot;:100}},&quot;start_point&quot;:{&quot;unit&quot;:&quot;%&quot;,&quot;size&quot;:0,&quot;sizes&quot;:[]},&quot;end_point&quot;:{&quot;unit&quot;:&quot;%&quot;,&quot;size&quot;:100,&quot;sizes&quot;:[]},&quot;renderer&quot;:&quot;svg&quot;,&quot;_transform_rotateZ_effect_tablet&quot;:{&quot;unit&quot;:&quot;deg&quot;,&quot;size&quot;:&quot;&quot;,&quot;sizes&quot;:[]},&quot;_transform_rotateZ_effect_mobile&quot;:{&quot;unit&quot;:&quot;deg&quot;,&quot;size&quot;:&quot;&quot;,&quot;sizes&quot;:[]}}\" data-widget_type=\"lottie.default\">\n\t\t\t\t<div class=\"elementor-widget-container\">\n\t\t\t\t\t<div class=\"e-lottie__container\"><div class=\"e-lottie__animation\"><\/div><\/div>\t\t\t\t<\/div>\n\t\t\t\t<\/div>\n\t\t\t\t<div class=\"elementor-element elementor-element-5d57962 elementor-widget elementor-widget-heading\" data-id=\"5d57962\" data-element_type=\"widget\" data-e-type=\"widget\" data-widget_type=\"heading.default\">\n\t\t\t\t<div class=\"elementor-widget-container\">\n\t\t\t\t\t<h2 class=\"elementor-heading-title elementor-size-default\">Parcourir la Galerie<\/h2>\t\t\t\t<\/div>\n\t\t\t\t<\/div>\n\t\t\t\t\t<\/div>\n\t\t\t\t<\/div>\n\t\t\t\t\t<\/div>\n\t\t\t\t<\/div>\n\t\t\t\t\t<\/div>\n\t\t\t\t<\/div>\n\t\t<div class=\"elementor-element elementor-element-f0e18c3 e-flex e-con-boxed e-con e-parent\" data-id=\"f0e18c3\" data-element_type=\"container\" data-e-type=\"container\">\n\t\t\t\t\t<div class=\"e-con-inner\">\n\t\t<a class=\"elementor-element elementor-element-f356bbf e-flex e-con-boxed e-con e-child\" data-id=\"f356bbf\" data-element_type=\"container\" data-e-type=\"container\" data-settings=\"{&quot;background_background&quot;:&quot;classic&quot;}\" href=\"http:\/\/ecminfissi.it\/fr\/fabrication\/le-fer\/\">\n\t\t\t\t\t<div class=\"e-con-inner\">\n\t\t<div class=\"elementor-element elementor-element-35b7ec6 e-flex e-con-boxed e-con e-child\" data-id=\"35b7ec6\" data-element_type=\"container\" data-e-type=\"container\">\n\t\t\t\t\t<div class=\"e-con-inner\">\n\t\t\t\t<div class=\"elementor-element elementor-element-2939cbd elementor-widget__width-auto elementor-widget elementor-widget-heading\" data-id=\"2939cbd\" data-element_type=\"widget\" data-e-type=\"widget\" data-widget_type=\"heading.default\">\n\t\t\t\t<div class=\"elementor-widget-container\">\n\t\t\t\t\t<h2 class=\"elementor-heading-title elementor-size-default\">D\u00e9couvrir<\/h2>\t\t\t\t<\/div>\n\t\t\t\t<\/div>\n\t\t\t\t<div class=\"elementor-element elementor-element-3e244a4 elementor-widget__width-auto elementor-widget elementor-widget-heading\" data-id=\"3e244a4\" data-element_type=\"widget\" data-e-type=\"widget\" data-widget_type=\"heading.default\">\n\t\t\t\t<div class=\"elementor-widget-container\">\n\t\t\t\t\t<h2 class=\"elementor-heading-title elementor-size-default\">Fabrication en Fer<\/h2>\t\t\t\t<\/div>\n\t\t\t\t<\/div>\n\t\t\t\t\t<\/div>\n\t\t\t\t<\/div>\n\t\t\t\t\t<\/div>\n\t\t\t\t<\/a>\n\t\t\t\t\t<\/div>\n\t\t\t\t<\/div>\n\t\t\t\t<\/div>\n\t\t","protected":false},"excerpt":{"rendered":"<p>L&rsquo;histoire d&rsquo;E.C.M. est n\u00e9e du secteur de la menuiserie m\u00e9tallique, avec les premiers produits artisanaux en fer fabriqu\u00e9s pour des commandes locales.Depuis plus de soixante ans E.C.M. met l&rsquo;exp\u00e9rience et le professionnalisme \u00e0 la disposition des clients, garantissant un excellent savoir-faire en fer, y compris le fer forg\u00e9. Nous construisons et installons des balustrades, des [&hellip;]<\/p>\n","protected":false},"author":3,"featured_media":0,"parent":3492,"menu_order":0,"comment_status":"closed","ping_status":"closed","template":"","meta":{"_joinchat":[],"footnotes":""},"tags":[],"page_category":[],"class_list":["post-3615","page","type-page","status-publish","hentry"],"yoast_head":"<!-- This site is optimized with the Yoast SEO plugin v27.3 - https:\/\/yoast.com\/product\/yoast-seo-wordpress\/ -->\n<title>Ferronnerie | E.C.M. Infissi<\/title>\n<meta name=\"robots\" content=\"index, follow, max-snippet:-1, max-image-preview:large, max-video-preview:-1\" \/>\n<link rel=\"canonical\" href=\"https:\/\/ecminfissi.it\/fr\/produits\/ferronnerie\/\" \/>\n<meta property=\"og:locale\" content=\"fr_FR\" \/>\n<meta property=\"og:type\" content=\"article\" \/>\n<meta property=\"og:title\" content=\"Ferronnerie | E.C.M. Infissi\" \/>\n<meta property=\"og:description\" content=\"L&rsquo;histoire d&rsquo;E.C.M. est n\u00e9e du secteur de la menuiserie m\u00e9tallique, avec les premiers produits artisanaux en fer fabriqu\u00e9s pour des commandes locales.Depuis plus de soixante ans E.C.M. met l&rsquo;exp\u00e9rience et le professionnalisme \u00e0 la disposition des clients, garantissant un excellent savoir-faire en fer, y compris le fer forg\u00e9. Nous construisons et installons des balustrades, des [&hellip;]\" \/>\n<meta property=\"og:url\" content=\"https:\/\/ecminfissi.it\/fr\/produits\/ferronnerie\/\" \/>\n<meta property=\"og:site_name\" content=\"E.C.M. Infissi\" \/>\n<meta property=\"article:publisher\" content=\"https:\/\/www.facebook.com\/EcmInfissi\" \/>\n<meta property=\"article:modified_time\" content=\"2023-05-22T11:11:06+00:00\" \/>\n<meta property=\"og:image\" content=\"https:\/\/ecminfissi.it\/wp-content\/uploads\/2015\/11\/ecm-infissi-serramenti-finestre-logo.png\" \/>\n\t<meta property=\"og:image:width\" content=\"300\" \/>\n\t<meta property=\"og:image:height\" content=\"142\" \/>\n\t<meta property=\"og:image:type\" content=\"image\/png\" \/>\n<meta name=\"twitter:card\" content=\"summary_large_image\" \/>\n<meta name=\"twitter:label1\" content=\"Dur\u00e9e de lecture estim\u00e9e\" \/>\n\t<meta name=\"twitter:data1\" content=\"2 minutes\" \/>\n<script type=\"application\/ld+json\" class=\"yoast-schema-graph\">{\"@context\":\"https:\\\/\\\/schema.org\",\"@graph\":[{\"@type\":\"WebPage\",\"@id\":\"https:\\\/\\\/ecminfissi.it\\\/fr\\\/produits\\\/ferronnerie\\\/\",\"url\":\"https:\\\/\\\/ecminfissi.it\\\/fr\\\/produits\\\/ferronnerie\\\/\",\"name\":\"Ferronnerie | E.C.M. Infissi\",\"isPartOf\":{\"@id\":\"https:\\\/\\\/ecminfissi.it\\\/#website\"},\"datePublished\":\"2023-05-11T13:47:12+00:00\",\"dateModified\":\"2023-05-22T11:11:06+00:00\",\"breadcrumb\":{\"@id\":\"https:\\\/\\\/ecminfissi.it\\\/fr\\\/produits\\\/ferronnerie\\\/#breadcrumb\"},\"inLanguage\":\"fr-FR\",\"potentialAction\":[{\"@type\":\"ReadAction\",\"target\":[\"https:\\\/\\\/ecminfissi.it\\\/fr\\\/produits\\\/ferronnerie\\\/\"]}]},{\"@type\":\"BreadcrumbList\",\"@id\":\"https:\\\/\\\/ecminfissi.it\\\/fr\\\/produits\\\/ferronnerie\\\/#breadcrumb\",\"itemListElement\":[{\"@type\":\"ListItem\",\"position\":1,\"name\":\"Home\",\"item\":\"https:\\\/\\\/ecminfissi.it\\\/\"},{\"@type\":\"ListItem\",\"position\":2,\"name\":\"Produits\",\"item\":\"https:\\\/\\\/ecminfissi.it\\\/fr\\\/produits\\\/\"},{\"@type\":\"ListItem\",\"position\":3,\"name\":\"Ferronnerie\"}]},{\"@type\":\"WebSite\",\"@id\":\"https:\\\/\\\/ecminfissi.it\\\/#website\",\"url\":\"https:\\\/\\\/ecminfissi.it\\\/\",\"name\":\"ECM Infissi\",\"description\":\"Infissi, Serramenti e Finestre in Alluminio e PVC\",\"publisher\":{\"@id\":\"https:\\\/\\\/ecminfissi.it\\\/#organization\"},\"alternateName\":\"Infissi, Serramenti e Finestre in Alluminio e PVC\",\"potentialAction\":[{\"@type\":\"SearchAction\",\"target\":{\"@type\":\"EntryPoint\",\"urlTemplate\":\"https:\\\/\\\/ecminfissi.it\\\/?s={search_term_string}\"},\"query-input\":{\"@type\":\"PropertyValueSpecification\",\"valueRequired\":true,\"valueName\":\"search_term_string\"}}],\"inLanguage\":\"fr-FR\"},{\"@type\":\"Organization\",\"@id\":\"https:\\\/\\\/ecminfissi.it\\\/#organization\",\"name\":\"ECM Infissi\",\"url\":\"https:\\\/\\\/ecminfissi.it\\\/\",\"logo\":{\"@type\":\"ImageObject\",\"inLanguage\":\"fr-FR\",\"@id\":\"https:\\\/\\\/ecminfissi.it\\\/#\\\/schema\\\/logo\\\/image\\\/\",\"url\":\"https:\\\/\\\/ecminfissi.it\\\/wp-content\\\/uploads\\\/2015\\\/11\\\/ecm-infissi-serramenti-finestre-logo.png\",\"contentUrl\":\"https:\\\/\\\/ecminfissi.it\\\/wp-content\\\/uploads\\\/2015\\\/11\\\/ecm-infissi-serramenti-finestre-logo.png\",\"width\":300,\"height\":142,\"caption\":\"ECM Infissi\"},\"image\":{\"@id\":\"https:\\\/\\\/ecminfissi.it\\\/#\\\/schema\\\/logo\\\/image\\\/\"},\"sameAs\":[\"https:\\\/\\\/www.facebook.com\\\/EcmInfissi\",\"https:\\\/\\\/it.linkedin.com\\\/company\\\/ecm-srl-produttori-di-infissi\"]}]}<\/script>\n<!-- \/ Yoast SEO plugin. -->","yoast_head_json":{"title":"Ferronnerie | E.C.M. Infissi","robots":{"index":"index","follow":"follow","max-snippet":"max-snippet:-1","max-image-preview":"max-image-preview:large","max-video-preview":"max-video-preview:-1"},"canonical":"https:\/\/ecminfissi.it\/fr\/produits\/ferronnerie\/","og_locale":"fr_FR","og_type":"article","og_title":"Ferronnerie | E.C.M. Infissi","og_description":"L&rsquo;histoire d&rsquo;E.C.M. est n\u00e9e du secteur de la menuiserie m\u00e9tallique, avec les premiers produits artisanaux en fer fabriqu\u00e9s pour des commandes locales.Depuis plus de soixante ans E.C.M. met l&rsquo;exp\u00e9rience et le professionnalisme \u00e0 la disposition des clients, garantissant un excellent savoir-faire en fer, y compris le fer forg\u00e9. Nous construisons et installons des balustrades, des [&hellip;]","og_url":"https:\/\/ecminfissi.it\/fr\/produits\/ferronnerie\/","og_site_name":"E.C.M. Infissi","article_publisher":"https:\/\/www.facebook.com\/EcmInfissi","article_modified_time":"2023-05-22T11:11:06+00:00","og_image":[{"width":300,"height":142,"url":"https:\/\/ecminfissi.it\/wp-content\/uploads\/2015\/11\/ecm-infissi-serramenti-finestre-logo.png","type":"image\/png"}],"twitter_card":"summary_large_image","twitter_misc":{"Dur\u00e9e de lecture estim\u00e9e":"2 minutes"},"schema":{"@context":"https:\/\/schema.org","@graph":[{"@type":"WebPage","@id":"https:\/\/ecminfissi.it\/fr\/produits\/ferronnerie\/","url":"https:\/\/ecminfissi.it\/fr\/produits\/ferronnerie\/","name":"Ferronnerie | E.C.M. Infissi","isPartOf":{"@id":"https:\/\/ecminfissi.it\/#website"},"datePublished":"2023-05-11T13:47:12+00:00","dateModified":"2023-05-22T11:11:06+00:00","breadcrumb":{"@id":"https:\/\/ecminfissi.it\/fr\/produits\/ferronnerie\/#breadcrumb"},"inLanguage":"fr-FR","potentialAction":[{"@type":"ReadAction","target":["https:\/\/ecminfissi.it\/fr\/produits\/ferronnerie\/"]}]},{"@type":"BreadcrumbList","@id":"https:\/\/ecminfissi.it\/fr\/produits\/ferronnerie\/#breadcrumb","itemListElement":[{"@type":"ListItem","position":1,"name":"Home","item":"https:\/\/ecminfissi.it\/"},{"@type":"ListItem","position":2,"name":"Produits","item":"https:\/\/ecminfissi.it\/fr\/produits\/"},{"@type":"ListItem","position":3,"name":"Ferronnerie"}]},{"@type":"WebSite","@id":"https:\/\/ecminfissi.it\/#website","url":"https:\/\/ecminfissi.it\/","name":"ECM Infissi","description":"Infissi, Serramenti e Finestre in Alluminio e PVC","publisher":{"@id":"https:\/\/ecminfissi.it\/#organization"},"alternateName":"Infissi, Serramenti e Finestre in Alluminio e PVC","potentialAction":[{"@type":"SearchAction","target":{"@type":"EntryPoint","urlTemplate":"https:\/\/ecminfissi.it\/?s={search_term_string}"},"query-input":{"@type":"PropertyValueSpecification","valueRequired":true,"valueName":"search_term_string"}}],"inLanguage":"fr-FR"},{"@type":"Organization","@id":"https:\/\/ecminfissi.it\/#organization","name":"ECM Infissi","url":"https:\/\/ecminfissi.it\/","logo":{"@type":"ImageObject","inLanguage":"fr-FR","@id":"https:\/\/ecminfissi.it\/#\/schema\/logo\/image\/","url":"https:\/\/ecminfissi.it\/wp-content\/uploads\/2015\/11\/ecm-infissi-serramenti-finestre-logo.png","contentUrl":"https:\/\/ecminfissi.it\/wp-content\/uploads\/2015\/11\/ecm-infissi-serramenti-finestre-logo.png","width":300,"height":142,"caption":"ECM Infissi"},"image":{"@id":"https:\/\/ecminfissi.it\/#\/schema\/logo\/image\/"},"sameAs":["https:\/\/www.facebook.com\/EcmInfissi","https:\/\/it.linkedin.com\/company\/ecm-srl-produttori-di-infissi"]}]}},"_links":{"self":[{"href":"https:\/\/ecminfissi.it\/fr\/wp-json\/wp\/v2\/pages\/3615","targetHints":{"allow":["GET"]}}],"collection":[{"href":"https:\/\/ecminfissi.it\/fr\/wp-json\/wp\/v2\/pages"}],"about":[{"href":"https:\/\/ecminfissi.it\/fr\/wp-json\/wp\/v2\/types\/page"}],"author":[{"embeddable":true,"href":"https:\/\/ecminfissi.it\/fr\/wp-json\/wp\/v2\/users\/3"}],"replies":[{"embeddable":true,"href":"https:\/\/ecminfissi.it\/fr\/wp-json\/wp\/v2\/comments?post=3615"}],"version-history":[{"count":0,"href":"https:\/\/ecminfissi.it\/fr\/wp-json\/wp\/v2\/pages\/3615\/revisions"}],"up":[{"embeddable":true,"href":"https:\/\/ecminfissi.it\/fr\/wp-json\/wp\/v2\/pages\/3492"}],"wp:attachment":[{"href":"https:\/\/ecminfissi.it\/fr\/wp-json\/wp\/v2\/media?parent=3615"}],"wp:term":[{"taxonomy":"post_tag","embeddable":true,"href":"https:\/\/ecminfissi.it\/fr\/wp-json\/wp\/v2\/tags?post=3615"},{"taxonomy":"page_category","embeddable":true,"href":"https:\/\/ecminfissi.it\/fr\/wp-json\/wp\/v2\/page_category?post=3615"}],"curies":[{"name":"wp","href":"https:\/\/api.w.org\/{rel}","templated":true}]}}