{"id":3532,"date":"2023-05-11T17:14:38","date_gmt":"2023-05-11T15:14:38","guid":{"rendered":"http:\/\/ecminfissi.it\/servizi\/"},"modified":"2023-11-09T19:13:39","modified_gmt":"2023-11-09T18:13:39","slug":"service","status":"publish","type":"page","link":"https:\/\/ecminfissi.it\/fr\/service\/","title":{"rendered":"Service"},"content":{"rendered":"\t\t<div data-elementor-type=\"wp-page\" data-elementor-id=\"3532\" class=\"elementor elementor-3532 elementor-2211\" data-elementor-post-type=\"page\">\n\t\t\t\t<div class=\"elementor-element elementor-element-abd0bdc e-flex e-con-boxed e-con e-parent\" data-id=\"abd0bdc\" data-element_type=\"container\" data-e-type=\"container\">\n\t\t\t\t\t<div class=\"e-con-inner\">\n\t\t<div class=\"elementor-element elementor-element-a57c5e5 e-con-full e-flex e-con e-child\" data-id=\"a57c5e5\" data-element_type=\"container\" data-e-type=\"container\" data-settings=\"{&quot;background_background&quot;:&quot;classic&quot;}\">\n\t\t<div class=\"elementor-element elementor-element-6833407 e-flex e-con-boxed e-con e-child\" data-id=\"6833407\" data-element_type=\"container\" data-e-type=\"container\">\n\t\t\t\t\t<div class=\"e-con-inner\">\n\t\t\t\t<div class=\"elementor-element elementor-element-2a68530 elementor-widget elementor-widget-heading\" data-id=\"2a68530\" data-element_type=\"widget\" data-e-type=\"widget\" data-widget_type=\"heading.default\">\n\t\t\t\t<div class=\"elementor-widget-container\">\n\t\t\t\t\t<h2 class=\"elementor-heading-title elementor-size-default\">Parc de V\u00e9hicules<\/h2>\t\t\t\t<\/div>\n\t\t\t\t<\/div>\n\t\t\t\t<div class=\"elementor-element elementor-element-69beba4 elementor-widget elementor-widget-text-editor\" data-id=\"69beba4\" data-element_type=\"widget\" data-e-type=\"widget\" data-widget_type=\"text-editor.default\">\n\t\t\t\t<div class=\"elementor-widget-container\">\n\t\t\t\t\t\t\t\t\t<p>Une flotte compl\u00e8te de v\u00e9hicules permet \u00e0 E.C.M. pour fournir un service complet et de qualit\u00e9 aux clients. Nous r\u00e9duisons l&rsquo;effort et les d\u00e9penses de travail avec des v\u00e9hicules qui s&rsquo;adaptent \u00e0 chaque besoin sp\u00e9cifique du projet, \u00e0 partir de camionnettes de taille moyenne et grande, jusqu&rsquo;aux camions et plates-formes mont\u00e9es sur camion, avec lesquels nous pouvons atteindre les \u00e9tages les plus \u00e9lev\u00e9s des b\u00e2timents dans un facile et s\u00fbr.<\/p>\t\t\t\t\t\t\t\t<\/div>\n\t\t\t\t<\/div>\n\t\t\t\t<div class=\"elementor-element elementor-element-5112c93 elementor-widget elementor-widget-text-editor\" data-id=\"5112c93\" data-element_type=\"widget\" data-e-type=\"widget\" data-widget_type=\"text-editor.default\">\n\t\t\t\t<div class=\"elementor-widget-container\">\n\t\t\t\t\t\t\t\t\t<p><em><a href=\"https:\/\/ecminfissi.it\/fr\/parc-de-vehicules\/\">Voir le parc de v\u00e9hicules<\/a><\/em><\/p>\t\t\t\t\t\t\t\t<\/div>\n\t\t\t\t<\/div>\n\t\t\t\t\t<\/div>\n\t\t\t\t<\/div>\n\t\t\t\t<\/div>\n\t\t<div class=\"elementor-element elementor-element-d511736 e-con-full e-flex e-con e-child\" data-id=\"d511736\" data-element_type=\"container\" data-e-type=\"container\" data-settings=\"{&quot;background_background&quot;:&quot;classic&quot;}\">\n\t\t<div class=\"elementor-element elementor-element-306b6e5 e-flex e-con-boxed e-con e-child\" data-id=\"306b6e5\" data-element_type=\"container\" data-e-type=\"container\">\n\t\t\t\t\t<div class=\"e-con-inner\">\n\t\t\t\t<div class=\"elementor-element elementor-element-d45e34d elementor-widget elementor-widget-heading\" data-id=\"d45e34d\" data-element_type=\"widget\" data-e-type=\"widget\" data-widget_type=\"heading.default\">\n\t\t\t\t<div class=\"elementor-widget-container\">\n\t\t\t\t\t<h2 class=\"elementor-heading-title elementor-size-default\">Conception Technique<\/h2>\t\t\t\t<\/div>\n\t\t\t\t<\/div>\n\t\t\t\t<div class=\"elementor-element elementor-element-988dd0f elementor-widget elementor-widget-text-editor\" data-id=\"988dd0f\" data-element_type=\"widget\" data-e-type=\"widget\" data-widget_type=\"text-editor.default\">\n\t\t\t\t<div class=\"elementor-widget-container\">\n\t\t\t\t\t\t\t\t\t<p>Chaque solution propos\u00e9e et convenue avec le client est d&rsquo;abord con\u00e7ue sur un logiciel de conception sp\u00e9cial Autocad, par un personnel expert et comp\u00e9tent, tant dans le domaine de l&rsquo;agencement que dans celui de la menuiserie m\u00e9tallique. Concevoir une solution dans le d\u00e9tail signifie r\u00e9aliser un projet rapidement et en douceur.<\/p>\t\t\t\t\t\t\t\t<\/div>\n\t\t\t\t<\/div>\n\t\t\t\t\t<\/div>\n\t\t\t\t<\/div>\n\t\t\t\t<\/div>\n\t\t\t\t\t<\/div>\n\t\t\t\t<\/div>\n\t\t<div class=\"elementor-element elementor-element-08f3ed3 e-flex e-con-boxed e-con e-parent\" data-id=\"08f3ed3\" data-element_type=\"container\" data-e-type=\"container\">\n\t\t\t\t\t<div class=\"e-con-inner\">\n\t\t<div class=\"elementor-element elementor-element-675c43b e-con-full e-flex e-con e-child\" data-id=\"675c43b\" data-element_type=\"container\" data-e-type=\"container\" data-settings=\"{&quot;background_background&quot;:&quot;classic&quot;}\">\n\t\t<div class=\"elementor-element elementor-element-fe29ca1 e-flex e-con-boxed e-con e-child\" data-id=\"fe29ca1\" data-element_type=\"container\" data-e-type=\"container\">\n\t\t\t\t\t<div class=\"e-con-inner\">\n\t\t\t\t<div class=\"elementor-element elementor-element-39aea52 elementor-widget elementor-widget-heading\" data-id=\"39aea52\" data-element_type=\"widget\" data-e-type=\"widget\" data-widget_type=\"heading.default\">\n\t\t\t\t<div class=\"elementor-widget-container\">\n\t\t\t\t\t<h2 class=\"elementor-heading-title elementor-size-default\">R\u00e9alisation Personnalis\u00e9e<\/h2>\t\t\t\t<\/div>\n\t\t\t\t<\/div>\n\t\t\t\t<div class=\"elementor-element elementor-element-599ed53 elementor-widget elementor-widget-text-editor\" data-id=\"599ed53\" data-element_type=\"widget\" data-e-type=\"widget\" data-widget_type=\"text-editor.default\">\n\t\t\t\t<div class=\"elementor-widget-container\">\n\t\t\t\t\t\t\t\t\t<p>Certains projets, dans leur particularit\u00e9, n\u00e9cessitent des adaptations et des personnalisations qui en E.C.M. nous cr\u00e9ons en interne, afin que le produit fini soit coh\u00e9rent avec le milieu environnant et respecte les demandes de nos clients.<\/p>\t\t\t\t\t\t\t\t<\/div>\n\t\t\t\t<\/div>\n\t\t\t\t\t<\/div>\n\t\t\t\t<\/div>\n\t\t\t\t<\/div>\n\t\t<div class=\"elementor-element elementor-element-eb41851 e-con-full e-flex e-con e-child\" data-id=\"eb41851\" data-element_type=\"container\" data-e-type=\"container\" data-settings=\"{&quot;background_background&quot;:&quot;classic&quot;}\">\n\t\t<div class=\"elementor-element elementor-element-3415e24 e-flex e-con-boxed e-con e-child\" data-id=\"3415e24\" data-element_type=\"container\" data-e-type=\"container\">\n\t\t\t\t\t<div class=\"e-con-inner\">\n\t\t\t\t<div class=\"elementor-element elementor-element-6a98310 elementor-widget elementor-widget-heading\" data-id=\"6a98310\" data-element_type=\"widget\" data-e-type=\"widget\" data-widget_type=\"heading.default\">\n\t\t\t\t<div class=\"elementor-widget-container\">\n\t\t\t\t\t<h2 class=\"elementor-heading-title elementor-size-default\">Entrep\u00f4t Historique<\/h2>\t\t\t\t<\/div>\n\t\t\t\t<\/div>\n\t\t\t\t<div class=\"elementor-element elementor-element-8b8e89a elementor-widget elementor-widget-text-editor\" data-id=\"8b8e89a\" data-element_type=\"widget\" data-e-type=\"widget\" data-widget_type=\"text-editor.default\">\n\t\t\t\t<div class=\"elementor-widget-container\">\n\t\t\t\t\t\t\t\t\t<p>Gr\u00e2ce \u00e0 l&rsquo;historicit\u00e9 et \u00e0 l&rsquo;exp\u00e9rience dans le secteur des portes et fen\u00eatres, pendant la p\u00e9riode d&rsquo;activit\u00e9 E.C.M. a mis en place un entrep\u00f4t de pi\u00e8ces de rechange, \u00e0 partir duquel obtenir des pi\u00e8ces \u00e0 remplacer qui ont \u00e9t\u00e9 mises hors production, sans quoi il serait n\u00e9cessaire de proc\u00e9der au d\u00e9montage du ch\u00e2ssis et d&rsquo;en installer un nouveau.<\/p>\t\t\t\t\t\t\t\t<\/div>\n\t\t\t\t<\/div>\n\t\t\t\t\t<\/div>\n\t\t\t\t<\/div>\n\t\t\t\t<\/div>\n\t\t\t\t\t<\/div>\n\t\t\t\t<\/div>\n\t\t<div class=\"elementor-element elementor-element-a219142 e-flex e-con-boxed e-con e-parent\" data-id=\"a219142\" data-element_type=\"container\" data-e-type=\"container\">\n\t\t\t\t\t<div class=\"e-con-inner\">\n\t\t\t\t<div class=\"elementor-element elementor-element-50b1688 elementor-widget elementor-widget-heading\" data-id=\"50b1688\" data-element_type=\"widget\" data-e-type=\"widget\" data-widget_type=\"heading.default\">\n\t\t\t\t<div class=\"elementor-widget-container\">\n\t\t\t\t\t<h2 class=\"elementor-heading-title elementor-size-default\">Notre offre compl\u00e8te<\/h2>\t\t\t\t<\/div>\n\t\t\t\t<\/div>\n\t\t<div class=\"elementor-element elementor-element-b31e759 e-flex e-con-boxed e-con e-child\" data-id=\"b31e759\" data-element_type=\"container\" data-e-type=\"container\">\n\t\t\t\t\t<div class=\"e-con-inner\">\n\t\t<div class=\"elementor-element elementor-element-5c85a2b e-flex e-con-boxed e-con e-child\" data-id=\"5c85a2b\" data-element_type=\"container\" data-e-type=\"container\">\n\t\t\t\t\t<div class=\"e-con-inner\">\n\t\t\t\t<div class=\"elementor-element elementor-element-4956f51 elementor-widget-tablet__width-initial elementor-widget-mobile__width-inherit elementor-widget__width-initial elementor-view-default elementor-position-block-start elementor-mobile-position-block-start elementor-widget elementor-widget-icon-box\" data-id=\"4956f51\" data-element_type=\"widget\" data-e-type=\"widget\" data-widget_type=\"icon-box.default\">\n\t\t\t\t<div class=\"elementor-widget-container\">\n\t\t\t\t\t\t\t<div class=\"elementor-icon-box-wrapper\">\n\n\t\t\t\t\t\t<div class=\"elementor-icon-box-icon\">\n\t\t\t\t<span  class=\"elementor-icon\">\n\t\t\t\t<svg aria-hidden=\"true\" class=\"e-font-icon-svg e-far-sticky-note\" viewBox=\"0 0 448 512\" xmlns=\"http:\/\/www.w3.org\/2000\/svg\"><path d=\"M448 348.106V80c0-26.51-21.49-48-48-48H48C21.49 32 0 53.49 0 80v351.988c0 26.51 21.49 48 48 48h268.118a48 48 0 0 0 33.941-14.059l83.882-83.882A48 48 0 0 0 448 348.106zm-128 80v-76.118h76.118L320 428.106zM400 80v223.988H296c-13.255 0-24 10.745-24 24v104H48V80h352z\"><\/path><\/svg>\t\t\t\t<\/span>\n\t\t\t<\/div>\n\t\t\t\n\t\t\t\t\t\t<div class=\"elementor-icon-box-content\">\n\n\t\t\t\t\t\t\t\t\t<h3 class=\"elementor-icon-box-title\">\n\t\t\t\t\t\t<span  >\n\t\t\t\t\t\t\tDEVIS D\u00c9TAILL\u00c9 DANS LES ARTICLES INDIVIDUELS\t\t\t\t\t\t<\/span>\n\t\t\t\t\t<\/h3>\n\t\t\t\t\n\t\t\t\t\n\t\t\t<\/div>\n\t\t\t\n\t\t<\/div>\n\t\t\t\t\t\t<\/div>\n\t\t\t\t<\/div>\n\t\t\t\t<div class=\"elementor-element elementor-element-988f4c2 elementor-widget-tablet__width-initial elementor-widget-mobile__width-inherit elementor-widget__width-initial elementor-view-default elementor-position-block-start elementor-mobile-position-block-start elementor-widget elementor-widget-icon-box\" data-id=\"988f4c2\" data-element_type=\"widget\" data-e-type=\"widget\" data-widget_type=\"icon-box.default\">\n\t\t\t\t<div class=\"elementor-widget-container\">\n\t\t\t\t\t\t\t<div class=\"elementor-icon-box-wrapper\">\n\n\t\t\t\t\t\t<div class=\"elementor-icon-box-icon\">\n\t\t\t\t<span  class=\"elementor-icon\">\n\t\t\t\t<svg aria-hidden=\"true\" class=\"e-font-icon-svg e-fas-user\" viewBox=\"0 0 448 512\" xmlns=\"http:\/\/www.w3.org\/2000\/svg\"><path d=\"M224 256c70.7 0 128-57.3 128-128S294.7 0 224 0 96 57.3 96 128s57.3 128 128 128zm89.6 32h-16.7c-22.2 10.2-46.9 16-72.9 16s-50.6-5.8-72.9-16h-16.7C60.2 288 0 348.2 0 422.4V464c0 26.5 21.5 48 48 48h352c26.5 0 48-21.5 48-48v-41.6c0-74.2-60.2-134.4-134.4-134.4z\"><\/path><\/svg>\t\t\t\t<\/span>\n\t\t\t<\/div>\n\t\t\t\n\t\t\t\t\t\t<div class=\"elementor-icon-box-content\">\n\n\t\t\t\t\t\t\t\t\t<h3 class=\"elementor-icon-box-title\">\n\t\t\t\t\t\t<span  >\n\t\t\t\t\t\t\tINSTALLATION PAR DES \u00c9QUIPES INTERNES SP\u00c9CIALIS\u00c9ES\t\t\t\t\t\t<\/span>\n\t\t\t\t\t<\/h3>\n\t\t\t\t\n\t\t\t\t\n\t\t\t<\/div>\n\t\t\t\n\t\t<\/div>\n\t\t\t\t\t\t<\/div>\n\t\t\t\t<\/div>\n\t\t\t\t<div class=\"elementor-element elementor-element-c2280c6 elementor-widget-tablet__width-initial elementor-widget-mobile__width-inherit elementor-widget__width-initial elementor-view-default elementor-position-block-start elementor-mobile-position-block-start elementor-widget elementor-widget-icon-box\" data-id=\"c2280c6\" data-element_type=\"widget\" data-e-type=\"widget\" data-widget_type=\"icon-box.default\">\n\t\t\t\t<div class=\"elementor-widget-container\">\n\t\t\t\t\t\t\t<div class=\"elementor-icon-box-wrapper\">\n\n\t\t\t\t\t\t<div class=\"elementor-icon-box-icon\">\n\t\t\t\t<span  class=\"elementor-icon\">\n\t\t\t\t<svg aria-hidden=\"true\" class=\"e-font-icon-svg e-fas-recycle\" viewBox=\"0 0 512 512\" xmlns=\"http:\/\/www.w3.org\/2000\/svg\"><path d=\"M184.561 261.903c3.232 13.997-12.123 24.635-24.068 17.168l-40.736-25.455-50.867 81.402C55.606 356.273 70.96 384 96.012 384H148c6.627 0 12 5.373 12 12v40c0 6.627-5.373 12-12 12H96.115c-75.334 0-121.302-83.048-81.408-146.88l50.822-81.388-40.725-25.448c-12.081-7.547-8.966-25.961 4.879-29.158l110.237-25.45c8.611-1.988 17.201 3.381 19.189 11.99l25.452 110.237zm98.561-182.915l41.289 66.076-40.74 25.457c-12.051 7.528-9 25.953 4.879 29.158l110.237 25.45c8.672 1.999 17.215-3.438 19.189-11.99l25.45-110.237c3.197-13.844-11.99-24.719-24.068-17.168l-40.687 25.424-41.263-66.082c-37.521-60.033-125.209-60.171-162.816 0l-17.963 28.766c-3.51 5.62-1.8 13.021 3.82 16.533l33.919 21.195c5.62 3.512 13.024 1.803 16.536-3.817l17.961-28.743c12.712-20.341 41.973-19.676 54.257-.022zM497.288 301.12l-27.515-44.065c-3.511-5.623-10.916-7.334-16.538-3.821l-33.861 21.159c-5.62 3.512-7.33 10.915-3.818 16.536l27.564 44.112c13.257 21.211-2.057 48.96-27.136 48.96H320V336.02c0-14.213-17.242-21.383-27.313-11.313l-80 79.981c-6.249 6.248-6.249 16.379 0 22.627l80 79.989C302.689 517.308 320 510.3 320 495.989V448h95.88c75.274 0 121.335-82.997 81.408-146.88z\"><\/path><\/svg>\t\t\t\t<\/span>\n\t\t\t<\/div>\n\t\t\t\n\t\t\t\t\t\t<div class=\"elementor-icon-box-content\">\n\n\t\t\t\t\t\t\t\t\t<h3 class=\"elementor-icon-box-title\">\n\t\t\t\t\t\t<span  >\n\t\t\t\t\t\t\t\u00c9LIMINATION DES MAT\u00c9RIAUX EXISTANTS\t\t\t\t\t\t<\/span>\n\t\t\t\t\t<\/h3>\n\t\t\t\t\n\t\t\t\t\n\t\t\t<\/div>\n\t\t\t\n\t\t<\/div>\n\t\t\t\t\t\t<\/div>\n\t\t\t\t<\/div>\n\t\t\t\t\t<\/div>\n\t\t\t\t<\/div>\n\t\t<div class=\"elementor-element elementor-element-efa0ab8 e-flex e-con-boxed e-con e-child\" data-id=\"efa0ab8\" data-element_type=\"container\" data-e-type=\"container\">\n\t\t\t\t\t<div class=\"e-con-inner\">\n\t\t\t\t<div class=\"elementor-element elementor-element-dcfdd2e elementor-widget-tablet__width-initial elementor-widget-mobile__width-inherit elementor-widget__width-initial elementor-view-default elementor-position-block-start elementor-mobile-position-block-start elementor-widget elementor-widget-icon-box\" data-id=\"dcfdd2e\" data-element_type=\"widget\" data-e-type=\"widget\" data-widget_type=\"icon-box.default\">\n\t\t\t\t<div class=\"elementor-widget-container\">\n\t\t\t\t\t\t\t<div class=\"elementor-icon-box-wrapper\">\n\n\t\t\t\t\t\t<div class=\"elementor-icon-box-icon\">\n\t\t\t\t<span  class=\"elementor-icon\">\n\t\t\t\t<svg aria-hidden=\"true\" class=\"e-font-icon-svg e-fas-heart\" viewBox=\"0 0 512 512\" xmlns=\"http:\/\/www.w3.org\/2000\/svg\"><path d=\"M462.3 62.6C407.5 15.9 326 24.3 275.7 76.2L256 96.5l-19.7-20.3C186.1 24.3 104.5 15.9 49.7 62.6c-62.8 53.6-66.1 149.8-9.9 207.9l193.5 199.8c12.5 12.9 32.8 12.9 45.3 0l193.5-199.8c56.3-58.1 53-154.3-9.8-207.9z\"><\/path><\/svg>\t\t\t\t<\/span>\n\t\t\t<\/div>\n\t\t\t\n\t\t\t\t\t\t<div class=\"elementor-icon-box-content\">\n\n\t\t\t\t\t\t\t\t\t<h3 class=\"elementor-icon-box-title\">\n\t\t\t\t\t\t<span  >\n\t\t\t\t\t\t\tASSURANCE QUI PROT\u00c8GE LE CLIENT DE LA RESPONSABILIT\u00c9 POUR LES ACCIDENTS DU TRAVAIL ET LES PAIEMENTS PAR ACHEMINEMENTS de nos partenaires financiers\t\t\t\t\t\t<\/span>\n\t\t\t\t\t<\/h3>\n\t\t\t\t\n\t\t\t\t\n\t\t\t<\/div>\n\t\t\t\n\t\t<\/div>\n\t\t\t\t\t\t<\/div>\n\t\t\t\t<\/div>\n\t\t<div class=\"elementor-element elementor-element-d90cb46 e-con-full e-flex e-con e-child\" data-id=\"d90cb46\" data-element_type=\"container\" data-e-type=\"container\">\n\t\t\t\t<\/div>\n\t\t<div class=\"elementor-element elementor-element-fd42814 e-con-full e-flex e-con e-child\" data-id=\"fd42814\" data-element_type=\"container\" data-e-type=\"container\">\n\t\t\t\t<\/div>\n\t\t\t\t\t<\/div>\n\t\t\t\t<\/div>\n\t\t\t\t\t<\/div>\n\t\t\t\t<\/div>\n\t\t\t\t\t<\/div>\n\t\t\t\t<\/div>\n\t\t\t\t<\/div>\n\t\t","protected":false},"excerpt":{"rendered":"<p>Parc de V\u00e9hicules Une flotte compl\u00e8te de v\u00e9hicules permet \u00e0 E.C.M. pour fournir un service complet et de qualit\u00e9 aux clients. Nous r\u00e9duisons l&rsquo;effort et les d\u00e9penses de travail avec des v\u00e9hicules qui s&rsquo;adaptent \u00e0 chaque besoin sp\u00e9cifique du projet, \u00e0 partir de camionnettes de taille moyenne et grande, jusqu&rsquo;aux camions et plates-formes mont\u00e9es sur [&hellip;]<\/p>\n","protected":false},"author":3,"featured_media":0,"parent":0,"menu_order":0,"comment_status":"closed","ping_status":"closed","template":"","meta":{"_joinchat":[],"footnotes":""},"tags":[],"page_category":[],"class_list":["post-3532","page","type-page","status-publish","hentry"],"yoast_head":"<!-- This site is optimized with the Yoast SEO plugin v27.3 - https:\/\/yoast.com\/product\/yoast-seo-wordpress\/ -->\n<title>Service | E.C.M. Infissi<\/title>\n<meta name=\"robots\" content=\"index, follow, max-snippet:-1, max-image-preview:large, max-video-preview:-1\" \/>\n<link rel=\"canonical\" href=\"https:\/\/ecminfissi.it\/servizi\/\" \/>\n<meta property=\"og:locale\" content=\"fr_FR\" \/>\n<meta property=\"og:type\" content=\"article\" \/>\n<meta property=\"og:title\" content=\"Service | E.C.M. Infissi\" \/>\n<meta property=\"og:description\" content=\"Parc de V\u00e9hicules Une flotte compl\u00e8te de v\u00e9hicules permet \u00e0 E.C.M. pour fournir un service complet et de qualit\u00e9 aux clients. Nous r\u00e9duisons l&rsquo;effort et les d\u00e9penses de travail avec des v\u00e9hicules qui s&rsquo;adaptent \u00e0 chaque besoin sp\u00e9cifique du projet, \u00e0 partir de camionnettes de taille moyenne et grande, jusqu&rsquo;aux camions et plates-formes mont\u00e9es sur [&hellip;]\" \/>\n<meta property=\"og:url\" content=\"https:\/\/ecminfissi.it\/servizi\/\" \/>\n<meta property=\"og:site_name\" content=\"E.C.M. Infissi\" \/>\n<meta property=\"article:publisher\" content=\"https:\/\/www.facebook.com\/EcmInfissi\" \/>\n<meta property=\"article:modified_time\" content=\"2023-11-09T18:13:39+00:00\" \/>\n<meta property=\"og:image\" content=\"https:\/\/ecminfissi.it\/wp-content\/uploads\/2015\/11\/ecm-infissi-serramenti-finestre-logo.png\" \/>\n\t<meta property=\"og:image:width\" content=\"300\" \/>\n\t<meta property=\"og:image:height\" content=\"142\" \/>\n\t<meta property=\"og:image:type\" content=\"image\/png\" \/>\n<meta name=\"twitter:card\" content=\"summary_large_image\" \/>\n<meta name=\"twitter:label1\" content=\"Dur\u00e9e de lecture estim\u00e9e\" \/>\n\t<meta name=\"twitter:data1\" content=\"2 minutes\" \/>\n<script type=\"application\/ld+json\" class=\"yoast-schema-graph\">{\"@context\":\"https:\\\/\\\/schema.org\",\"@graph\":[{\"@type\":\"WebPage\",\"@id\":\"https:\\\/\\\/ecminfissi.it\\\/servizi\\\/\",\"url\":\"https:\\\/\\\/ecminfissi.it\\\/servizi\\\/\",\"name\":\"Service | E.C.M. Infissi\",\"isPartOf\":{\"@id\":\"https:\\\/\\\/ecminfissi.it\\\/#website\"},\"datePublished\":\"2023-05-11T15:14:38+00:00\",\"dateModified\":\"2023-11-09T18:13:39+00:00\",\"breadcrumb\":{\"@id\":\"https:\\\/\\\/ecminfissi.it\\\/servizi\\\/#breadcrumb\"},\"inLanguage\":\"fr-FR\",\"potentialAction\":[{\"@type\":\"ReadAction\",\"target\":[\"https:\\\/\\\/ecminfissi.it\\\/servizi\\\/\"]}]},{\"@type\":\"BreadcrumbList\",\"@id\":\"https:\\\/\\\/ecminfissi.it\\\/servizi\\\/#breadcrumb\",\"itemListElement\":[{\"@type\":\"ListItem\",\"position\":1,\"name\":\"Home\",\"item\":\"https:\\\/\\\/ecminfissi.it\\\/\"},{\"@type\":\"ListItem\",\"position\":2,\"name\":\"Service\"}]},{\"@type\":\"WebSite\",\"@id\":\"https:\\\/\\\/ecminfissi.it\\\/#website\",\"url\":\"https:\\\/\\\/ecminfissi.it\\\/\",\"name\":\"ECM Infissi\",\"description\":\"Infissi, Serramenti e Finestre in Alluminio e PVC\",\"publisher\":{\"@id\":\"https:\\\/\\\/ecminfissi.it\\\/#organization\"},\"alternateName\":\"Infissi, Serramenti e Finestre in Alluminio e PVC\",\"potentialAction\":[{\"@type\":\"SearchAction\",\"target\":{\"@type\":\"EntryPoint\",\"urlTemplate\":\"https:\\\/\\\/ecminfissi.it\\\/?s={search_term_string}\"},\"query-input\":{\"@type\":\"PropertyValueSpecification\",\"valueRequired\":true,\"valueName\":\"search_term_string\"}}],\"inLanguage\":\"fr-FR\"},{\"@type\":\"Organization\",\"@id\":\"https:\\\/\\\/ecminfissi.it\\\/#organization\",\"name\":\"ECM Infissi\",\"url\":\"https:\\\/\\\/ecminfissi.it\\\/\",\"logo\":{\"@type\":\"ImageObject\",\"inLanguage\":\"fr-FR\",\"@id\":\"https:\\\/\\\/ecminfissi.it\\\/#\\\/schema\\\/logo\\\/image\\\/\",\"url\":\"https:\\\/\\\/ecminfissi.it\\\/wp-content\\\/uploads\\\/2015\\\/11\\\/ecm-infissi-serramenti-finestre-logo.png\",\"contentUrl\":\"https:\\\/\\\/ecminfissi.it\\\/wp-content\\\/uploads\\\/2015\\\/11\\\/ecm-infissi-serramenti-finestre-logo.png\",\"width\":300,\"height\":142,\"caption\":\"ECM Infissi\"},\"image\":{\"@id\":\"https:\\\/\\\/ecminfissi.it\\\/#\\\/schema\\\/logo\\\/image\\\/\"},\"sameAs\":[\"https:\\\/\\\/www.facebook.com\\\/EcmInfissi\",\"https:\\\/\\\/it.linkedin.com\\\/company\\\/ecm-srl-produttori-di-infissi\"]}]}<\/script>\n<!-- \/ Yoast SEO plugin. -->","yoast_head_json":{"title":"Service | E.C.M. Infissi","robots":{"index":"index","follow":"follow","max-snippet":"max-snippet:-1","max-image-preview":"max-image-preview:large","max-video-preview":"max-video-preview:-1"},"canonical":"https:\/\/ecminfissi.it\/servizi\/","og_locale":"fr_FR","og_type":"article","og_title":"Service | E.C.M. Infissi","og_description":"Parc de V\u00e9hicules Une flotte compl\u00e8te de v\u00e9hicules permet \u00e0 E.C.M. pour fournir un service complet et de qualit\u00e9 aux clients. Nous r\u00e9duisons l&rsquo;effort et les d\u00e9penses de travail avec des v\u00e9hicules qui s&rsquo;adaptent \u00e0 chaque besoin sp\u00e9cifique du projet, \u00e0 partir de camionnettes de taille moyenne et grande, jusqu&rsquo;aux camions et plates-formes mont\u00e9es sur [&hellip;]","og_url":"https:\/\/ecminfissi.it\/servizi\/","og_site_name":"E.C.M. Infissi","article_publisher":"https:\/\/www.facebook.com\/EcmInfissi","article_modified_time":"2023-11-09T18:13:39+00:00","og_image":[{"width":300,"height":142,"url":"https:\/\/ecminfissi.it\/wp-content\/uploads\/2015\/11\/ecm-infissi-serramenti-finestre-logo.png","type":"image\/png"}],"twitter_card":"summary_large_image","twitter_misc":{"Dur\u00e9e de lecture estim\u00e9e":"2 minutes"},"schema":{"@context":"https:\/\/schema.org","@graph":[{"@type":"WebPage","@id":"https:\/\/ecminfissi.it\/servizi\/","url":"https:\/\/ecminfissi.it\/servizi\/","name":"Service | E.C.M. Infissi","isPartOf":{"@id":"https:\/\/ecminfissi.it\/#website"},"datePublished":"2023-05-11T15:14:38+00:00","dateModified":"2023-11-09T18:13:39+00:00","breadcrumb":{"@id":"https:\/\/ecminfissi.it\/servizi\/#breadcrumb"},"inLanguage":"fr-FR","potentialAction":[{"@type":"ReadAction","target":["https:\/\/ecminfissi.it\/servizi\/"]}]},{"@type":"BreadcrumbList","@id":"https:\/\/ecminfissi.it\/servizi\/#breadcrumb","itemListElement":[{"@type":"ListItem","position":1,"name":"Home","item":"https:\/\/ecminfissi.it\/"},{"@type":"ListItem","position":2,"name":"Service"}]},{"@type":"WebSite","@id":"https:\/\/ecminfissi.it\/#website","url":"https:\/\/ecminfissi.it\/","name":"ECM Infissi","description":"Infissi, Serramenti e Finestre in Alluminio e PVC","publisher":{"@id":"https:\/\/ecminfissi.it\/#organization"},"alternateName":"Infissi, Serramenti e Finestre in Alluminio e PVC","potentialAction":[{"@type":"SearchAction","target":{"@type":"EntryPoint","urlTemplate":"https:\/\/ecminfissi.it\/?s={search_term_string}"},"query-input":{"@type":"PropertyValueSpecification","valueRequired":true,"valueName":"search_term_string"}}],"inLanguage":"fr-FR"},{"@type":"Organization","@id":"https:\/\/ecminfissi.it\/#organization","name":"ECM Infissi","url":"https:\/\/ecminfissi.it\/","logo":{"@type":"ImageObject","inLanguage":"fr-FR","@id":"https:\/\/ecminfissi.it\/#\/schema\/logo\/image\/","url":"https:\/\/ecminfissi.it\/wp-content\/uploads\/2015\/11\/ecm-infissi-serramenti-finestre-logo.png","contentUrl":"https:\/\/ecminfissi.it\/wp-content\/uploads\/2015\/11\/ecm-infissi-serramenti-finestre-logo.png","width":300,"height":142,"caption":"ECM Infissi"},"image":{"@id":"https:\/\/ecminfissi.it\/#\/schema\/logo\/image\/"},"sameAs":["https:\/\/www.facebook.com\/EcmInfissi","https:\/\/it.linkedin.com\/company\/ecm-srl-produttori-di-infissi"]}]}},"_links":{"self":[{"href":"https:\/\/ecminfissi.it\/fr\/wp-json\/wp\/v2\/pages\/3532","targetHints":{"allow":["GET"]}}],"collection":[{"href":"https:\/\/ecminfissi.it\/fr\/wp-json\/wp\/v2\/pages"}],"about":[{"href":"https:\/\/ecminfissi.it\/fr\/wp-json\/wp\/v2\/types\/page"}],"author":[{"embeddable":true,"href":"https:\/\/ecminfissi.it\/fr\/wp-json\/wp\/v2\/users\/3"}],"replies":[{"embeddable":true,"href":"https:\/\/ecminfissi.it\/fr\/wp-json\/wp\/v2\/comments?post=3532"}],"version-history":[{"count":0,"href":"https:\/\/ecminfissi.it\/fr\/wp-json\/wp\/v2\/pages\/3532\/revisions"}],"wp:attachment":[{"href":"https:\/\/ecminfissi.it\/fr\/wp-json\/wp\/v2\/media?parent=3532"}],"wp:term":[{"taxonomy":"post_tag","embeddable":true,"href":"https:\/\/ecminfissi.it\/fr\/wp-json\/wp\/v2\/tags?post=3532"},{"taxonomy":"page_category","embeddable":true,"href":"https:\/\/ecminfissi.it\/fr\/wp-json\/wp\/v2\/page_category?post=3532"}],"curies":[{"name":"wp","href":"https:\/\/api.w.org\/{rel}","templated":true}]}}