{"id":3492,"date":"2023-05-11T14:06:20","date_gmt":"2023-05-11T12:06:20","guid":{"rendered":"http:\/\/ecminfissi.it\/prodotti\/"},"modified":"2023-05-26T11:34:32","modified_gmt":"2023-05-26T09:34:32","slug":"produits","status":"publish","type":"page","link":"https:\/\/ecminfissi.it\/fr\/produits\/","title":{"rendered":"Produits"},"content":{"rendered":"\t\t<div data-elementor-type=\"wp-page\" data-elementor-id=\"3492\" class=\"elementor elementor-3492 elementor-2187\" data-elementor-post-type=\"page\">\n\t\t\t\t<div class=\"elementor-element elementor-element-da393f8 e-flex e-con-boxed e-con e-parent\" data-id=\"da393f8\" data-element_type=\"container\" data-e-type=\"container\">\n\t\t\t\t\t<div class=\"e-con-inner\">\n\t\t\t\t<div class=\"elementor-element elementor-element-1571124 elementor-widget elementor-widget-text-editor\" data-id=\"1571124\" data-element_type=\"widget\" data-e-type=\"widget\" data-widget_type=\"text-editor.default\">\n\t\t\t\t<div class=\"elementor-widget-container\">\n\t\t\t\t\t\t\t\t\t<p>E.C.M. est un fabricant de\u00a0<strong>cadres en aluminium<\/strong>\u00a0et\u00a0<strong>PVC<\/strong>\u00a0sans n\u00e9gliger l&rsquo;artisanat traditionnel et la <strong>charpente m\u00e9tallique<\/strong>. Les capacit\u00e9s de production et de service d&rsquo;E.C.M. sont au sommet du secteur dans la r\u00e9gion des Marches tant en termes de quantit\u00e9 que de qualit\u00e9.<br \/>\u21d2 Environ 3500 m2 de hangars.<br \/>\u21d2\u00a0Contr\u00f4le direct de l&rsquo;ensemble du processus de production.<br \/>\u21d2\u00a0Marquage CE et certificats associ\u00e9s\u00a0et \u00e9tiquettes.<br \/>\u21d2\u00a0Large gamme de machines continuellement mises \u00e0 jour.<br \/>\u21d2\u00a0Possibilit\u00e9 d&rsquo;achat direct dans l&rsquo;entreprise \u00e0 des prix comp\u00e9titifs sans renoncer aux normes de conception et de qualit\u00e9 les plus \u00e9lev\u00e9es.<\/p>\t\t\t\t\t\t\t\t<\/div>\n\t\t\t\t<\/div>\n\t\t\t\t\t<\/div>\n\t\t\t\t<\/div>\n\t\t<div class=\"elementor-element elementor-element-a8a9d1a e-flex e-con-boxed e-con e-parent\" data-id=\"a8a9d1a\" data-element_type=\"container\" data-e-type=\"container\">\n\t\t\t\t\t<div class=\"e-con-inner\">\n\t\t<a class=\"elementor-element elementor-element-eb10b45 e-flex e-con-boxed e-con e-child\" data-id=\"eb10b45\" data-element_type=\"container\" data-e-type=\"container\" data-settings=\"{&quot;background_background&quot;:&quot;classic&quot;}\" href=\"http:\/\/ecminfissi.it\/fr\/produits\/agencements\/\">\n\t\t\t\t\t<div class=\"e-con-inner\">\n\t\t\t\t<div class=\"elementor-element elementor-element-49b0cb9 elementor-widget elementor-widget-heading\" data-id=\"49b0cb9\" data-element_type=\"widget\" data-e-type=\"widget\" data-widget_type=\"heading.default\">\n\t\t\t\t<div class=\"elementor-widget-container\">\n\t\t\t\t\t<h2 class=\"elementor-heading-title elementor-size-default\">Agencements<\/h2>\t\t\t\t<\/div>\n\t\t\t\t<\/div>\n\t\t\t\t\t<\/div>\n\t\t\t\t<\/a>\n\t\t<a class=\"elementor-element elementor-element-1ccb5c1 e-flex e-con-boxed e-con e-child\" data-id=\"1ccb5c1\" data-element_type=\"container\" data-e-type=\"container\" data-settings=\"{&quot;background_background&quot;:&quot;classic&quot;}\" href=\"http:\/\/ecminfissi.it\/fr\/produits\/ferronnerie\/\">\n\t\t\t\t\t<div class=\"e-con-inner\">\n\t\t\t\t<div class=\"elementor-element elementor-element-479c1c9 elementor-widget elementor-widget-heading\" data-id=\"479c1c9\" data-element_type=\"widget\" data-e-type=\"widget\" data-widget_type=\"heading.default\">\n\t\t\t\t<div class=\"elementor-widget-container\">\n\t\t\t\t\t<h2 class=\"elementor-heading-title elementor-size-default\">Travaux de fer<\/h2>\t\t\t\t<\/div>\n\t\t\t\t<\/div>\n\t\t\t\t\t<\/div>\n\t\t\t\t<\/a>\n\t\t\t\t\t<\/div>\n\t\t\t\t<\/div>\n\t\t<div class=\"elementor-element elementor-element-3b5ae5b e-flex e-con-boxed e-con e-parent\" data-id=\"3b5ae5b\" data-element_type=\"container\" data-e-type=\"container\">\n\t\t\t\t\t<div class=\"e-con-inner\">\n\t\t<a class=\"elementor-element elementor-element-7ad2146 e-flex e-con-boxed e-con e-child\" data-id=\"7ad2146\" data-element_type=\"container\" data-e-type=\"container\" data-settings=\"{&quot;background_background&quot;:&quot;classic&quot;}\" href=\"http:\/\/ecminfissi.it\/fr\/fabrication\/\">\n\t\t\t\t\t<div class=\"e-con-inner\">\n\t\t<div class=\"elementor-element elementor-element-7bf0aa7 e-flex e-con-boxed e-con e-child\" data-id=\"7bf0aa7\" data-element_type=\"container\" data-e-type=\"container\">\n\t\t\t\t\t<div class=\"e-con-inner\">\n\t\t\t\t<div class=\"elementor-element elementor-element-09b3b81 elementor-widget__width-auto elementor-widget elementor-widget-heading\" data-id=\"09b3b81\" data-element_type=\"widget\" data-e-type=\"widget\" data-widget_type=\"heading.default\">\n\t\t\t\t<div class=\"elementor-widget-container\">\n\t\t\t\t\t<h2 class=\"elementor-heading-title elementor-size-default\">Vois<\/h2>\t\t\t\t<\/div>\n\t\t\t\t<\/div>\n\t\t\t\t<div class=\"elementor-element elementor-element-6ca8f03 elementor-widget__width-auto elementor-widget elementor-widget-heading\" data-id=\"6ca8f03\" data-element_type=\"widget\" data-e-type=\"widget\" data-widget_type=\"heading.default\">\n\t\t\t\t<div class=\"elementor-widget-container\">\n\t\t\t\t\t<h2 class=\"elementor-heading-title elementor-size-default\">Fabrication<\/h2>\t\t\t\t<\/div>\n\t\t\t\t<\/div>\n\t\t\t\t\t<\/div>\n\t\t\t\t<\/div>\n\t\t\t\t\t<\/div>\n\t\t\t\t<\/a>\n\t\t\t\t\t<\/div>\n\t\t\t\t<\/div>\n\t\t\t\t<\/div>\n\t\t","protected":false},"excerpt":{"rendered":"<p>E.C.M. est un fabricant de\u00a0cadres en aluminium\u00a0et\u00a0PVC\u00a0sans n\u00e9gliger l&rsquo;artisanat traditionnel et la charpente m\u00e9tallique. Les capacit\u00e9s de production et de service d&rsquo;E.C.M. sont au sommet du secteur dans la r\u00e9gion des Marches tant en termes de quantit\u00e9 que de qualit\u00e9.\u21d2 Environ 3500 m2 de hangars.\u21d2\u00a0Contr\u00f4le direct de l&rsquo;ensemble du processus de production.\u21d2\u00a0Marquage CE et certificats [&hellip;]<\/p>\n","protected":false},"author":3,"featured_media":0,"parent":0,"menu_order":0,"comment_status":"closed","ping_status":"closed","template":"","meta":{"_joinchat":[],"footnotes":""},"tags":[],"page_category":[],"class_list":["post-3492","page","type-page","status-publish","hentry"],"yoast_head":"<!-- This site is optimized with the Yoast SEO plugin v27.3 - https:\/\/yoast.com\/product\/yoast-seo-wordpress\/ -->\n<title>Produits | E.C.M. Infissi<\/title>\n<meta name=\"robots\" content=\"index, follow, max-snippet:-1, max-image-preview:large, max-video-preview:-1\" \/>\n<link rel=\"canonical\" href=\"https:\/\/ecminfissi.it\/fr\/produits\/\" \/>\n<meta property=\"og:locale\" content=\"fr_FR\" \/>\n<meta property=\"og:type\" content=\"article\" \/>\n<meta property=\"og:title\" content=\"Produits | E.C.M. Infissi\" \/>\n<meta property=\"og:description\" content=\"E.C.M. est un fabricant de\u00a0cadres en aluminium\u00a0et\u00a0PVC\u00a0sans n\u00e9gliger l&rsquo;artisanat traditionnel et la charpente m\u00e9tallique. Les capacit\u00e9s de production et de service d&rsquo;E.C.M. sont au sommet du secteur dans la r\u00e9gion des Marches tant en termes de quantit\u00e9 que de qualit\u00e9.\u21d2 Environ 3500 m2 de hangars.\u21d2\u00a0Contr\u00f4le direct de l&rsquo;ensemble du processus de production.\u21d2\u00a0Marquage CE et certificats [&hellip;]\" \/>\n<meta property=\"og:url\" content=\"https:\/\/ecminfissi.it\/fr\/produits\/\" \/>\n<meta property=\"og:site_name\" content=\"E.C.M. Infissi\" \/>\n<meta property=\"article:publisher\" content=\"https:\/\/www.facebook.com\/EcmInfissi\" \/>\n<meta property=\"article:modified_time\" content=\"2023-05-26T09:34:32+00:00\" \/>\n<meta property=\"og:image\" content=\"https:\/\/ecminfissi.it\/wp-content\/uploads\/2015\/11\/ecm-infissi-serramenti-finestre-logo.png\" \/>\n\t<meta property=\"og:image:width\" content=\"300\" \/>\n\t<meta property=\"og:image:height\" content=\"142\" \/>\n\t<meta property=\"og:image:type\" content=\"image\/png\" \/>\n<meta name=\"twitter:card\" content=\"summary_large_image\" \/>\n<meta name=\"twitter:label1\" content=\"Dur\u00e9e de lecture estim\u00e9e\" \/>\n\t<meta name=\"twitter:data1\" content=\"1 minute\" \/>\n<script type=\"application\/ld+json\" class=\"yoast-schema-graph\">{\"@context\":\"https:\\\/\\\/schema.org\",\"@graph\":[{\"@type\":\"WebPage\",\"@id\":\"https:\\\/\\\/ecminfissi.it\\\/fr\\\/produits\\\/\",\"url\":\"https:\\\/\\\/ecminfissi.it\\\/fr\\\/produits\\\/\",\"name\":\"Produits | E.C.M. Infissi\",\"isPartOf\":{\"@id\":\"https:\\\/\\\/ecminfissi.it\\\/#website\"},\"datePublished\":\"2023-05-11T12:06:20+00:00\",\"dateModified\":\"2023-05-26T09:34:32+00:00\",\"breadcrumb\":{\"@id\":\"https:\\\/\\\/ecminfissi.it\\\/fr\\\/produits\\\/#breadcrumb\"},\"inLanguage\":\"fr-FR\",\"potentialAction\":[{\"@type\":\"ReadAction\",\"target\":[\"https:\\\/\\\/ecminfissi.it\\\/fr\\\/produits\\\/\"]}]},{\"@type\":\"BreadcrumbList\",\"@id\":\"https:\\\/\\\/ecminfissi.it\\\/fr\\\/produits\\\/#breadcrumb\",\"itemListElement\":[{\"@type\":\"ListItem\",\"position\":1,\"name\":\"Home\",\"item\":\"https:\\\/\\\/ecminfissi.it\\\/\"},{\"@type\":\"ListItem\",\"position\":2,\"name\":\"Produits\"}]},{\"@type\":\"WebSite\",\"@id\":\"https:\\\/\\\/ecminfissi.it\\\/#website\",\"url\":\"https:\\\/\\\/ecminfissi.it\\\/\",\"name\":\"ECM Infissi\",\"description\":\"Infissi, Serramenti e Finestre in Alluminio e PVC\",\"publisher\":{\"@id\":\"https:\\\/\\\/ecminfissi.it\\\/#organization\"},\"alternateName\":\"Infissi, Serramenti e Finestre in Alluminio e PVC\",\"potentialAction\":[{\"@type\":\"SearchAction\",\"target\":{\"@type\":\"EntryPoint\",\"urlTemplate\":\"https:\\\/\\\/ecminfissi.it\\\/?s={search_term_string}\"},\"query-input\":{\"@type\":\"PropertyValueSpecification\",\"valueRequired\":true,\"valueName\":\"search_term_string\"}}],\"inLanguage\":\"fr-FR\"},{\"@type\":\"Organization\",\"@id\":\"https:\\\/\\\/ecminfissi.it\\\/#organization\",\"name\":\"ECM Infissi\",\"url\":\"https:\\\/\\\/ecminfissi.it\\\/\",\"logo\":{\"@type\":\"ImageObject\",\"inLanguage\":\"fr-FR\",\"@id\":\"https:\\\/\\\/ecminfissi.it\\\/#\\\/schema\\\/logo\\\/image\\\/\",\"url\":\"https:\\\/\\\/ecminfissi.it\\\/wp-content\\\/uploads\\\/2015\\\/11\\\/ecm-infissi-serramenti-finestre-logo.png\",\"contentUrl\":\"https:\\\/\\\/ecminfissi.it\\\/wp-content\\\/uploads\\\/2015\\\/11\\\/ecm-infissi-serramenti-finestre-logo.png\",\"width\":300,\"height\":142,\"caption\":\"ECM Infissi\"},\"image\":{\"@id\":\"https:\\\/\\\/ecminfissi.it\\\/#\\\/schema\\\/logo\\\/image\\\/\"},\"sameAs\":[\"https:\\\/\\\/www.facebook.com\\\/EcmInfissi\",\"https:\\\/\\\/it.linkedin.com\\\/company\\\/ecm-srl-produttori-di-infissi\"]}]}<\/script>\n<!-- \/ Yoast SEO plugin. -->","yoast_head_json":{"title":"Produits | E.C.M. Infissi","robots":{"index":"index","follow":"follow","max-snippet":"max-snippet:-1","max-image-preview":"max-image-preview:large","max-video-preview":"max-video-preview:-1"},"canonical":"https:\/\/ecminfissi.it\/fr\/produits\/","og_locale":"fr_FR","og_type":"article","og_title":"Produits | E.C.M. Infissi","og_description":"E.C.M. est un fabricant de\u00a0cadres en aluminium\u00a0et\u00a0PVC\u00a0sans n\u00e9gliger l&rsquo;artisanat traditionnel et la charpente m\u00e9tallique. Les capacit\u00e9s de production et de service d&rsquo;E.C.M. sont au sommet du secteur dans la r\u00e9gion des Marches tant en termes de quantit\u00e9 que de qualit\u00e9.\u21d2 Environ 3500 m2 de hangars.\u21d2\u00a0Contr\u00f4le direct de l&rsquo;ensemble du processus de production.\u21d2\u00a0Marquage CE et certificats [&hellip;]","og_url":"https:\/\/ecminfissi.it\/fr\/produits\/","og_site_name":"E.C.M. Infissi","article_publisher":"https:\/\/www.facebook.com\/EcmInfissi","article_modified_time":"2023-05-26T09:34:32+00:00","og_image":[{"width":300,"height":142,"url":"https:\/\/ecminfissi.it\/wp-content\/uploads\/2015\/11\/ecm-infissi-serramenti-finestre-logo.png","type":"image\/png"}],"twitter_card":"summary_large_image","twitter_misc":{"Dur\u00e9e de lecture estim\u00e9e":"1 minute"},"schema":{"@context":"https:\/\/schema.org","@graph":[{"@type":"WebPage","@id":"https:\/\/ecminfissi.it\/fr\/produits\/","url":"https:\/\/ecminfissi.it\/fr\/produits\/","name":"Produits | E.C.M. Infissi","isPartOf":{"@id":"https:\/\/ecminfissi.it\/#website"},"datePublished":"2023-05-11T12:06:20+00:00","dateModified":"2023-05-26T09:34:32+00:00","breadcrumb":{"@id":"https:\/\/ecminfissi.it\/fr\/produits\/#breadcrumb"},"inLanguage":"fr-FR","potentialAction":[{"@type":"ReadAction","target":["https:\/\/ecminfissi.it\/fr\/produits\/"]}]},{"@type":"BreadcrumbList","@id":"https:\/\/ecminfissi.it\/fr\/produits\/#breadcrumb","itemListElement":[{"@type":"ListItem","position":1,"name":"Home","item":"https:\/\/ecminfissi.it\/"},{"@type":"ListItem","position":2,"name":"Produits"}]},{"@type":"WebSite","@id":"https:\/\/ecminfissi.it\/#website","url":"https:\/\/ecminfissi.it\/","name":"ECM Infissi","description":"Infissi, Serramenti e Finestre in Alluminio e PVC","publisher":{"@id":"https:\/\/ecminfissi.it\/#organization"},"alternateName":"Infissi, Serramenti e Finestre in Alluminio e PVC","potentialAction":[{"@type":"SearchAction","target":{"@type":"EntryPoint","urlTemplate":"https:\/\/ecminfissi.it\/?s={search_term_string}"},"query-input":{"@type":"PropertyValueSpecification","valueRequired":true,"valueName":"search_term_string"}}],"inLanguage":"fr-FR"},{"@type":"Organization","@id":"https:\/\/ecminfissi.it\/#organization","name":"ECM Infissi","url":"https:\/\/ecminfissi.it\/","logo":{"@type":"ImageObject","inLanguage":"fr-FR","@id":"https:\/\/ecminfissi.it\/#\/schema\/logo\/image\/","url":"https:\/\/ecminfissi.it\/wp-content\/uploads\/2015\/11\/ecm-infissi-serramenti-finestre-logo.png","contentUrl":"https:\/\/ecminfissi.it\/wp-content\/uploads\/2015\/11\/ecm-infissi-serramenti-finestre-logo.png","width":300,"height":142,"caption":"ECM Infissi"},"image":{"@id":"https:\/\/ecminfissi.it\/#\/schema\/logo\/image\/"},"sameAs":["https:\/\/www.facebook.com\/EcmInfissi","https:\/\/it.linkedin.com\/company\/ecm-srl-produttori-di-infissi"]}]}},"_links":{"self":[{"href":"https:\/\/ecminfissi.it\/fr\/wp-json\/wp\/v2\/pages\/3492","targetHints":{"allow":["GET"]}}],"collection":[{"href":"https:\/\/ecminfissi.it\/fr\/wp-json\/wp\/v2\/pages"}],"about":[{"href":"https:\/\/ecminfissi.it\/fr\/wp-json\/wp\/v2\/types\/page"}],"author":[{"embeddable":true,"href":"https:\/\/ecminfissi.it\/fr\/wp-json\/wp\/v2\/users\/3"}],"replies":[{"embeddable":true,"href":"https:\/\/ecminfissi.it\/fr\/wp-json\/wp\/v2\/comments?post=3492"}],"version-history":[{"count":0,"href":"https:\/\/ecminfissi.it\/fr\/wp-json\/wp\/v2\/pages\/3492\/revisions"}],"wp:attachment":[{"href":"https:\/\/ecminfissi.it\/fr\/wp-json\/wp\/v2\/media?parent=3492"}],"wp:term":[{"taxonomy":"post_tag","embeddable":true,"href":"https:\/\/ecminfissi.it\/fr\/wp-json\/wp\/v2\/tags?post=3492"},{"taxonomy":"page_category","embeddable":true,"href":"https:\/\/ecminfissi.it\/fr\/wp-json\/wp\/v2\/page_category?post=3492"}],"curies":[{"name":"wp","href":"https:\/\/api.w.org\/{rel}","templated":true}]}}