{"id":3616,"date":"2023-05-11T15:47:12","date_gmt":"2023-05-11T13:47:12","guid":{"rendered":"http:\/\/ecminfissi.it\/produkte\/lavorazioni-in-ferro\/"},"modified":"2023-05-22T13:15:37","modified_gmt":"2023-05-22T11:15:37","slug":"schmiedearbeiten","status":"publish","type":"page","link":"https:\/\/ecminfissi.it\/de\/produkte\/schmiedearbeiten\/","title":{"rendered":"Schmiedearbeiten"},"content":{"rendered":"\t\t<div data-elementor-type=\"wp-page\" data-elementor-id=\"3616\" class=\"elementor elementor-3616 elementor-2207\" data-elementor-post-type=\"page\">\n\t\t\t\t<div class=\"elementor-element elementor-element-5bd18c5 e-flex e-con-boxed e-con e-parent\" data-id=\"5bd18c5\" data-element_type=\"container\" data-e-type=\"container\">\n\t\t\t\t\t<div class=\"e-con-inner\">\n\t\t<div class=\"elementor-element elementor-element-0a787d5 e-flex e-con-boxed e-con e-child\" data-id=\"0a787d5\" data-element_type=\"container\" data-e-type=\"container\">\n\t\t\t\t\t<div class=\"e-con-inner\">\n\t\t\t\t<div class=\"elementor-element elementor-element-2c40e49 elementor-widget elementor-widget-text-editor\" data-id=\"2c40e49\" data-element_type=\"widget\" data-e-type=\"widget\" data-widget_type=\"text-editor.default\">\n\t\t\t\t<div class=\"elementor-widget-container\">\n\t\t\t\t\t\t\t\t\t<p>Die Geschichte von E.C.M. entstand aus der Metallschreinereibranche und fertigte die ersten handgefertigten Eisenprodukte f\u00fcr Bestellungen in der Region an.<br \/>Seit mehr als sechzig Jahren ist E.C.M. stellt den Kunden Erfahrung und Professionalit\u00e4t zur Verf\u00fcgung und garantiert hervorragende Handwerkskunst in Eisen, einschlie\u00dflich Schmiedeeisen.<\/p><p>Wir <strong>bauen und installieren<\/strong> Balustraden, Treppen, Gel\u00e4nder, Gitter, Handl\u00e4ufe, Fu\u00dfg\u00e4ngertore, Einfahrtstore auch mit Automatisierung, Pavillons, Z\u00e4hler, Gehwege, T\u00fcren, Balkone, Zwischengeschosse, Garagen und Bauten aller Art, Hinzu kommen Verfahren wie Hei\u00df- oder Kaltverzinkung, ofengetrocknete Epoxidpulverbeschichtung und Sandstrahlen.<\/p><p>Das Unternehmen ist seit 2011 gem\u00e4\u00df dem Ministerialdekret vom 17. Januar 2018 als Werkstatt f\u00fcr die Herstellung von Metallschreinereien, <strong>UNI EN ISO 3834<\/strong> und gem\u00e4\u00df der Verordnung 305\/2011\/EU der EU zertifiziert Europ\u00e4isches Parlament als Ausf\u00fchrung von Stahlkonstruktionen, <strong>EN 1090-1<\/strong>. Die Standards umfassen den gesamten Produktionsprozess der Zimmerei, von der Analyse des Kostenvoranschlags, der Bestellung des zertifizierten Materials, den Arten und Merkmalen der Produktion, den Phasen der Realisierung, der Zertifizierung und der Kundendienstunterst\u00fctzung. Die Zertifizierungen stellen tats\u00e4chlich einen Index der Unternehmenszuverl\u00e4ssigkeit in Bezug auf die Stahlverarbeitung gem\u00e4\u00df den geltenden Vorschriften und entsprechenden Zertifikaten dar.<\/p>\t\t\t\t\t\t\t\t<\/div>\n\t\t\t\t<\/div>\n\t\t\t\t\t<\/div>\n\t\t\t\t<\/div>\n\t\t<div class=\"elementor-element elementor-element-9362932 e-flex e-con-boxed e-con e-child\" data-id=\"9362932\" data-element_type=\"container\" data-e-type=\"container\">\n\t\t\t\t\t<div class=\"e-con-inner\">\n\t\t<div class=\"elementor-element elementor-element-6e47db5 e-flex e-con-boxed e-con e-child\" data-id=\"6e47db5\" data-element_type=\"container\" data-e-type=\"container\" data-settings=\"{&quot;background_background&quot;:&quot;slideshow&quot;,&quot;background_slideshow_gallery&quot;:[{&quot;id&quot;:3240,&quot;url&quot;:&quot;http:\\\/\\\/ecminfissi.it\\\/wp-content\\\/uploads\\\/2023\\\/05\\\/ecm-infissi-alluminio-pvc-finestre-ancona-realizzazioni-in-ferro-img.jpg&quot;},{&quot;id&quot;:2722,&quot;url&quot;:&quot;http:\\\/\\\/ecminfissi.it\\\/wp-content\\\/uploads\\\/2023\\\/05\\\/ecm-infissi-alluminio-pvc-finestre-ancona-realizzazioni-in-ferro-59.jpg&quot;},{&quot;id&quot;:2594,&quot;url&quot;:&quot;http:\\\/\\\/ecminfissi.it\\\/wp-content\\\/uploads\\\/2023\\\/05\\\/ecm-infissi-alluminio-pvc-finestre-ancona-realizzazioni-in-ferro-27.jpg&quot;},{&quot;id&quot;:2558,&quot;url&quot;:&quot;http:\\\/\\\/ecminfissi.it\\\/wp-content\\\/uploads\\\/2023\\\/05\\\/ecm-infissi-alluminio-pvc-finestre-ancona-realizzazioni-in-ferro-18.jpg&quot;},{&quot;id&quot;:2730,&quot;url&quot;:&quot;http:\\\/\\\/ecminfissi.it\\\/wp-content\\\/uploads\\\/2023\\\/05\\\/ecm-infissi-alluminio-pvc-finestre-ancona-realizzazioni-in-ferro-61.jpg&quot;},{&quot;id&quot;:2694,&quot;url&quot;:&quot;http:\\\/\\\/ecminfissi.it\\\/wp-content\\\/uploads\\\/2023\\\/05\\\/ecm-infissi-alluminio-pvc-finestre-ancona-realizzazioni-in-ferro-52.jpg&quot;}],&quot;background_slideshow_slide_duration&quot;:9999,&quot;background_slideshow_slide_transition&quot;:&quot;slide_left&quot;,&quot;background_slideshow_loop&quot;:&quot;yes&quot;,&quot;background_slideshow_transition_duration&quot;:500}\">\n\t\t\t\t\t<div class=\"e-con-inner\">\n\t\t\t\t\t<\/div>\n\t\t\t\t<\/div>\n\t\t<div class=\"elementor-element elementor-element-51db3db e-flex e-con-boxed e-con e-child\" data-id=\"51db3db\" data-element_type=\"container\" data-e-type=\"container\">\n\t\t\t\t\t<div class=\"e-con-inner\">\n\t\t\t\t<div class=\"elementor-element elementor-element-1e085b5 elementor-widget__width-initial e-transform elementor-align-center elementor-widget elementor-widget-lottie\" data-id=\"1e085b5\" data-element_type=\"widget\" data-e-type=\"widget\" data-settings=\"{&quot;source&quot;:&quot;external_url&quot;,&quot;source_external_url&quot;:{&quot;url&quot;:&quot;https:\\\/\\\/assets2.lottiefiles.com\\\/private_files\\\/lf30_0ybqtnnn.json&quot;,&quot;is_external&quot;:&quot;&quot;,&quot;nofollow&quot;:&quot;&quot;,&quot;custom_attributes&quot;:&quot;&quot;},&quot;loop&quot;:&quot;yes&quot;,&quot;play_speed&quot;:{&quot;unit&quot;:&quot;px&quot;,&quot;size&quot;:0.5,&quot;sizes&quot;:[]},&quot;_transform_rotateZ_effect&quot;:{&quot;unit&quot;:&quot;px&quot;,&quot;size&quot;:-90,&quot;sizes&quot;:[]},&quot;lazyload&quot;:&quot;yes&quot;,&quot;link_to&quot;:&quot;none&quot;,&quot;trigger&quot;:&quot;arriving_to_viewport&quot;,&quot;viewport&quot;:{&quot;unit&quot;:&quot;%&quot;,&quot;size&quot;:&quot;&quot;,&quot;sizes&quot;:{&quot;start&quot;:0,&quot;end&quot;:100}},&quot;start_point&quot;:{&quot;unit&quot;:&quot;%&quot;,&quot;size&quot;:0,&quot;sizes&quot;:[]},&quot;end_point&quot;:{&quot;unit&quot;:&quot;%&quot;,&quot;size&quot;:100,&quot;sizes&quot;:[]},&quot;renderer&quot;:&quot;svg&quot;,&quot;_transform_rotateZ_effect_tablet&quot;:{&quot;unit&quot;:&quot;deg&quot;,&quot;size&quot;:&quot;&quot;,&quot;sizes&quot;:[]},&quot;_transform_rotateZ_effect_mobile&quot;:{&quot;unit&quot;:&quot;deg&quot;,&quot;size&quot;:&quot;&quot;,&quot;sizes&quot;:[]}}\" data-widget_type=\"lottie.default\">\n\t\t\t\t<div class=\"elementor-widget-container\">\n\t\t\t\t\t<div class=\"e-lottie__container\"><div class=\"e-lottie__animation\"><\/div><\/div>\t\t\t\t<\/div>\n\t\t\t\t<\/div>\n\t\t\t\t<div class=\"elementor-element elementor-element-5d57962 elementor-widget elementor-widget-heading\" data-id=\"5d57962\" data-element_type=\"widget\" data-e-type=\"widget\" data-widget_type=\"heading.default\">\n\t\t\t\t<div class=\"elementor-widget-container\">\n\t\t\t\t\t<h2 class=\"elementor-heading-title elementor-size-default\">Galerie Durchsuchen<\/h2>\t\t\t\t<\/div>\n\t\t\t\t<\/div>\n\t\t\t\t\t<\/div>\n\t\t\t\t<\/div>\n\t\t\t\t\t<\/div>\n\t\t\t\t<\/div>\n\t\t\t\t\t<\/div>\n\t\t\t\t<\/div>\n\t\t<div class=\"elementor-element elementor-element-f0e18c3 e-flex e-con-boxed e-con e-parent\" data-id=\"f0e18c3\" data-element_type=\"container\" data-e-type=\"container\">\n\t\t\t\t\t<div class=\"e-con-inner\">\n\t\t<a class=\"elementor-element elementor-element-f356bbf e-flex e-con-boxed e-con e-child\" data-id=\"f356bbf\" data-element_type=\"container\" data-e-type=\"container\" data-settings=\"{&quot;background_background&quot;:&quot;classic&quot;}\" href=\"http:\/\/ecminfissi.it\/de\/produktion\/eisen\/\">\n\t\t\t\t\t<div class=\"e-con-inner\">\n\t\t<div class=\"elementor-element elementor-element-35b7ec6 e-flex e-con-boxed e-con e-child\" data-id=\"35b7ec6\" data-element_type=\"container\" data-e-type=\"container\">\n\t\t\t\t\t<div class=\"e-con-inner\">\n\t\t\t\t<div class=\"elementor-element elementor-element-2939cbd elementor-widget__width-auto elementor-widget elementor-widget-heading\" data-id=\"2939cbd\" data-element_type=\"widget\" data-e-type=\"widget\" data-widget_type=\"heading.default\">\n\t\t\t\t<div class=\"elementor-widget-container\">\n\t\t\t\t\t<h2 class=\"elementor-heading-title elementor-size-default\">entdecken<\/h2>\t\t\t\t<\/div>\n\t\t\t\t<\/div>\n\t\t\t\t<div class=\"elementor-element elementor-element-3e244a4 elementor-widget__width-auto elementor-widget elementor-widget-heading\" data-id=\"3e244a4\" data-element_type=\"widget\" data-e-type=\"widget\" data-widget_type=\"heading.default\">\n\t\t\t\t<div class=\"elementor-widget-container\">\n\t\t\t\t\t<h2 class=\"elementor-heading-title elementor-size-default\">Eisenverwirklichungen<\/h2>\t\t\t\t<\/div>\n\t\t\t\t<\/div>\n\t\t\t\t\t<\/div>\n\t\t\t\t<\/div>\n\t\t\t\t\t<\/div>\n\t\t\t\t<\/a>\n\t\t\t\t\t<\/div>\n\t\t\t\t<\/div>\n\t\t\t\t<\/div>\n\t\t","protected":false},"excerpt":{"rendered":"<p>Die Geschichte von E.C.M. entstand aus der Metallschreinereibranche und fertigte die ersten handgefertigten Eisenprodukte f\u00fcr Bestellungen in der Region an.Seit mehr als sechzig Jahren ist E.C.M. stellt den Kunden Erfahrung und Professionalit\u00e4t zur Verf\u00fcgung und garantiert hervorragende Handwerkskunst in Eisen, einschlie\u00dflich Schmiedeeisen. Wir bauen und installieren Balustraden, Treppen, Gel\u00e4nder, Gitter, Handl\u00e4ufe, Fu\u00dfg\u00e4ngertore, Einfahrtstore auch mit [&hellip;]<\/p>\n","protected":false},"author":3,"featured_media":0,"parent":3493,"menu_order":0,"comment_status":"closed","ping_status":"closed","template":"","meta":{"_joinchat":[],"footnotes":""},"tags":[],"page_category":[],"class_list":["post-3616","page","type-page","status-publish","hentry"],"yoast_head":"<!-- This site is optimized with the Yoast SEO plugin v27.3 - https:\/\/yoast.com\/product\/yoast-seo-wordpress\/ -->\n<title>Schmiedearbeiten | E.C.M. Infissi<\/title>\n<meta name=\"robots\" content=\"index, follow, max-snippet:-1, max-image-preview:large, max-video-preview:-1\" \/>\n<link rel=\"canonical\" href=\"https:\/\/ecminfissi.it\/de\/produkte\/schmiedearbeiten\/\" \/>\n<meta property=\"og:locale\" content=\"de_DE\" \/>\n<meta property=\"og:type\" content=\"article\" \/>\n<meta property=\"og:title\" content=\"Schmiedearbeiten | E.C.M. Infissi\" \/>\n<meta property=\"og:description\" content=\"Die Geschichte von E.C.M. entstand aus der Metallschreinereibranche und fertigte die ersten handgefertigten Eisenprodukte f\u00fcr Bestellungen in der Region an.Seit mehr als sechzig Jahren ist E.C.M. stellt den Kunden Erfahrung und Professionalit\u00e4t zur Verf\u00fcgung und garantiert hervorragende Handwerkskunst in Eisen, einschlie\u00dflich Schmiedeeisen. Wir bauen und installieren Balustraden, Treppen, Gel\u00e4nder, Gitter, Handl\u00e4ufe, Fu\u00dfg\u00e4ngertore, Einfahrtstore auch mit [&hellip;]\" \/>\n<meta property=\"og:url\" content=\"https:\/\/ecminfissi.it\/de\/produkte\/schmiedearbeiten\/\" \/>\n<meta property=\"og:site_name\" content=\"E.C.M. Infissi\" \/>\n<meta property=\"article:publisher\" content=\"https:\/\/www.facebook.com\/EcmInfissi\" \/>\n<meta property=\"article:modified_time\" content=\"2023-05-22T11:15:37+00:00\" \/>\n<meta property=\"og:image\" content=\"https:\/\/ecminfissi.it\/wp-content\/uploads\/2015\/11\/ecm-infissi-serramenti-finestre-logo.png\" \/>\n\t<meta property=\"og:image:width\" content=\"300\" \/>\n\t<meta property=\"og:image:height\" content=\"142\" \/>\n\t<meta property=\"og:image:type\" content=\"image\/png\" \/>\n<meta name=\"twitter:card\" content=\"summary_large_image\" \/>\n<meta name=\"twitter:label1\" content=\"Gesch\u00e4tzte Lesezeit\" \/>\n\t<meta name=\"twitter:data1\" content=\"1\u00a0Minute\" \/>\n<script type=\"application\/ld+json\" class=\"yoast-schema-graph\">{\"@context\":\"https:\\\/\\\/schema.org\",\"@graph\":[{\"@type\":\"WebPage\",\"@id\":\"https:\\\/\\\/ecminfissi.it\\\/de\\\/produkte\\\/schmiedearbeiten\\\/\",\"url\":\"https:\\\/\\\/ecminfissi.it\\\/de\\\/produkte\\\/schmiedearbeiten\\\/\",\"name\":\"Schmiedearbeiten | E.C.M. Infissi\",\"isPartOf\":{\"@id\":\"https:\\\/\\\/ecminfissi.it\\\/#website\"},\"datePublished\":\"2023-05-11T13:47:12+00:00\",\"dateModified\":\"2023-05-22T11:15:37+00:00\",\"breadcrumb\":{\"@id\":\"https:\\\/\\\/ecminfissi.it\\\/de\\\/produkte\\\/schmiedearbeiten\\\/#breadcrumb\"},\"inLanguage\":\"de\",\"potentialAction\":[{\"@type\":\"ReadAction\",\"target\":[\"https:\\\/\\\/ecminfissi.it\\\/de\\\/produkte\\\/schmiedearbeiten\\\/\"]}]},{\"@type\":\"BreadcrumbList\",\"@id\":\"https:\\\/\\\/ecminfissi.it\\\/de\\\/produkte\\\/schmiedearbeiten\\\/#breadcrumb\",\"itemListElement\":[{\"@type\":\"ListItem\",\"position\":1,\"name\":\"Home\",\"item\":\"https:\\\/\\\/ecminfissi.it\\\/\"},{\"@type\":\"ListItem\",\"position\":2,\"name\":\"Produkte\",\"item\":\"https:\\\/\\\/ecminfissi.it\\\/de\\\/produkte\\\/\"},{\"@type\":\"ListItem\",\"position\":3,\"name\":\"Schmiedearbeiten\"}]},{\"@type\":\"WebSite\",\"@id\":\"https:\\\/\\\/ecminfissi.it\\\/#website\",\"url\":\"https:\\\/\\\/ecminfissi.it\\\/\",\"name\":\"ECM Infissi\",\"description\":\"Infissi, Serramenti e Finestre in Alluminio e PVC\",\"publisher\":{\"@id\":\"https:\\\/\\\/ecminfissi.it\\\/#organization\"},\"alternateName\":\"Infissi, Serramenti e Finestre in Alluminio e PVC\",\"potentialAction\":[{\"@type\":\"SearchAction\",\"target\":{\"@type\":\"EntryPoint\",\"urlTemplate\":\"https:\\\/\\\/ecminfissi.it\\\/?s={search_term_string}\"},\"query-input\":{\"@type\":\"PropertyValueSpecification\",\"valueRequired\":true,\"valueName\":\"search_term_string\"}}],\"inLanguage\":\"de\"},{\"@type\":\"Organization\",\"@id\":\"https:\\\/\\\/ecminfissi.it\\\/#organization\",\"name\":\"ECM Infissi\",\"url\":\"https:\\\/\\\/ecminfissi.it\\\/\",\"logo\":{\"@type\":\"ImageObject\",\"inLanguage\":\"de\",\"@id\":\"https:\\\/\\\/ecminfissi.it\\\/#\\\/schema\\\/logo\\\/image\\\/\",\"url\":\"https:\\\/\\\/ecminfissi.it\\\/wp-content\\\/uploads\\\/2015\\\/11\\\/ecm-infissi-serramenti-finestre-logo.png\",\"contentUrl\":\"https:\\\/\\\/ecminfissi.it\\\/wp-content\\\/uploads\\\/2015\\\/11\\\/ecm-infissi-serramenti-finestre-logo.png\",\"width\":300,\"height\":142,\"caption\":\"ECM Infissi\"},\"image\":{\"@id\":\"https:\\\/\\\/ecminfissi.it\\\/#\\\/schema\\\/logo\\\/image\\\/\"},\"sameAs\":[\"https:\\\/\\\/www.facebook.com\\\/EcmInfissi\",\"https:\\\/\\\/it.linkedin.com\\\/company\\\/ecm-srl-produttori-di-infissi\"]}]}<\/script>\n<!-- \/ Yoast SEO plugin. -->","yoast_head_json":{"title":"Schmiedearbeiten | E.C.M. Infissi","robots":{"index":"index","follow":"follow","max-snippet":"max-snippet:-1","max-image-preview":"max-image-preview:large","max-video-preview":"max-video-preview:-1"},"canonical":"https:\/\/ecminfissi.it\/de\/produkte\/schmiedearbeiten\/","og_locale":"de_DE","og_type":"article","og_title":"Schmiedearbeiten | E.C.M. Infissi","og_description":"Die Geschichte von E.C.M. entstand aus der Metallschreinereibranche und fertigte die ersten handgefertigten Eisenprodukte f\u00fcr Bestellungen in der Region an.Seit mehr als sechzig Jahren ist E.C.M. stellt den Kunden Erfahrung und Professionalit\u00e4t zur Verf\u00fcgung und garantiert hervorragende Handwerkskunst in Eisen, einschlie\u00dflich Schmiedeeisen. Wir bauen und installieren Balustraden, Treppen, Gel\u00e4nder, Gitter, Handl\u00e4ufe, Fu\u00dfg\u00e4ngertore, Einfahrtstore auch mit [&hellip;]","og_url":"https:\/\/ecminfissi.it\/de\/produkte\/schmiedearbeiten\/","og_site_name":"E.C.M. Infissi","article_publisher":"https:\/\/www.facebook.com\/EcmInfissi","article_modified_time":"2023-05-22T11:15:37+00:00","og_image":[{"width":300,"height":142,"url":"https:\/\/ecminfissi.it\/wp-content\/uploads\/2015\/11\/ecm-infissi-serramenti-finestre-logo.png","type":"image\/png"}],"twitter_card":"summary_large_image","twitter_misc":{"Gesch\u00e4tzte Lesezeit":"1\u00a0Minute"},"schema":{"@context":"https:\/\/schema.org","@graph":[{"@type":"WebPage","@id":"https:\/\/ecminfissi.it\/de\/produkte\/schmiedearbeiten\/","url":"https:\/\/ecminfissi.it\/de\/produkte\/schmiedearbeiten\/","name":"Schmiedearbeiten | E.C.M. Infissi","isPartOf":{"@id":"https:\/\/ecminfissi.it\/#website"},"datePublished":"2023-05-11T13:47:12+00:00","dateModified":"2023-05-22T11:15:37+00:00","breadcrumb":{"@id":"https:\/\/ecminfissi.it\/de\/produkte\/schmiedearbeiten\/#breadcrumb"},"inLanguage":"de","potentialAction":[{"@type":"ReadAction","target":["https:\/\/ecminfissi.it\/de\/produkte\/schmiedearbeiten\/"]}]},{"@type":"BreadcrumbList","@id":"https:\/\/ecminfissi.it\/de\/produkte\/schmiedearbeiten\/#breadcrumb","itemListElement":[{"@type":"ListItem","position":1,"name":"Home","item":"https:\/\/ecminfissi.it\/"},{"@type":"ListItem","position":2,"name":"Produkte","item":"https:\/\/ecminfissi.it\/de\/produkte\/"},{"@type":"ListItem","position":3,"name":"Schmiedearbeiten"}]},{"@type":"WebSite","@id":"https:\/\/ecminfissi.it\/#website","url":"https:\/\/ecminfissi.it\/","name":"ECM Infissi","description":"Infissi, Serramenti e Finestre in Alluminio e PVC","publisher":{"@id":"https:\/\/ecminfissi.it\/#organization"},"alternateName":"Infissi, Serramenti e Finestre in Alluminio e PVC","potentialAction":[{"@type":"SearchAction","target":{"@type":"EntryPoint","urlTemplate":"https:\/\/ecminfissi.it\/?s={search_term_string}"},"query-input":{"@type":"PropertyValueSpecification","valueRequired":true,"valueName":"search_term_string"}}],"inLanguage":"de"},{"@type":"Organization","@id":"https:\/\/ecminfissi.it\/#organization","name":"ECM Infissi","url":"https:\/\/ecminfissi.it\/","logo":{"@type":"ImageObject","inLanguage":"de","@id":"https:\/\/ecminfissi.it\/#\/schema\/logo\/image\/","url":"https:\/\/ecminfissi.it\/wp-content\/uploads\/2015\/11\/ecm-infissi-serramenti-finestre-logo.png","contentUrl":"https:\/\/ecminfissi.it\/wp-content\/uploads\/2015\/11\/ecm-infissi-serramenti-finestre-logo.png","width":300,"height":142,"caption":"ECM Infissi"},"image":{"@id":"https:\/\/ecminfissi.it\/#\/schema\/logo\/image\/"},"sameAs":["https:\/\/www.facebook.com\/EcmInfissi","https:\/\/it.linkedin.com\/company\/ecm-srl-produttori-di-infissi"]}]}},"_links":{"self":[{"href":"https:\/\/ecminfissi.it\/de\/wp-json\/wp\/v2\/pages\/3616","targetHints":{"allow":["GET"]}}],"collection":[{"href":"https:\/\/ecminfissi.it\/de\/wp-json\/wp\/v2\/pages"}],"about":[{"href":"https:\/\/ecminfissi.it\/de\/wp-json\/wp\/v2\/types\/page"}],"author":[{"embeddable":true,"href":"https:\/\/ecminfissi.it\/de\/wp-json\/wp\/v2\/users\/3"}],"replies":[{"embeddable":true,"href":"https:\/\/ecminfissi.it\/de\/wp-json\/wp\/v2\/comments?post=3616"}],"version-history":[{"count":0,"href":"https:\/\/ecminfissi.it\/de\/wp-json\/wp\/v2\/pages\/3616\/revisions"}],"up":[{"embeddable":true,"href":"https:\/\/ecminfissi.it\/de\/wp-json\/wp\/v2\/pages\/3493"}],"wp:attachment":[{"href":"https:\/\/ecminfissi.it\/de\/wp-json\/wp\/v2\/media?parent=3616"}],"wp:term":[{"taxonomy":"post_tag","embeddable":true,"href":"https:\/\/ecminfissi.it\/de\/wp-json\/wp\/v2\/tags?post=3616"},{"taxonomy":"page_category","embeddable":true,"href":"https:\/\/ecminfissi.it\/de\/wp-json\/wp\/v2\/page_category?post=3616"}],"curies":[{"name":"wp","href":"https:\/\/api.w.org\/{rel}","templated":true}]}}