{"id":3493,"date":"2023-05-11T14:06:20","date_gmt":"2023-05-11T12:06:20","guid":{"rendered":"http:\/\/ecminfissi.it\/prodotti\/"},"modified":"2023-05-26T11:34:37","modified_gmt":"2023-05-26T09:34:37","slug":"produkte","status":"publish","type":"page","link":"https:\/\/ecminfissi.it\/de\/produkte\/","title":{"rendered":"Produkte"},"content":{"rendered":"\t\t<div data-elementor-type=\"wp-page\" data-elementor-id=\"3493\" class=\"elementor elementor-3493 elementor-2187\" data-elementor-post-type=\"page\">\n\t\t\t\t<div class=\"elementor-element elementor-element-da393f8 e-flex e-con-boxed e-con e-parent\" data-id=\"da393f8\" data-element_type=\"container\" data-e-type=\"container\">\n\t\t\t\t\t<div class=\"e-con-inner\">\n\t\t\t\t<div class=\"elementor-element elementor-element-1571124 elementor-widget elementor-widget-text-editor\" data-id=\"1571124\" data-element_type=\"widget\" data-e-type=\"widget\" data-widget_type=\"text-editor.default\">\n\t\t\t\t<div class=\"elementor-widget-container\">\n\t\t\t\t\t\t\t\t\t<p>E.C.M. ist ein Hersteller von <strong>Aluminiumrahmen<\/strong> und <strong>PVC<\/strong>, ohne dabei die traditionelle Handwerkskunst und die strukturellen <strong>Schmiedearbeiten<\/strong> zu vernachl\u00e4ssigen. Die Produktions- und Servicekapazit\u00e4ten von E.C.M. sind sowohl quantitativ als auch qualitativ an der Spitze der Branche in der Region Marken.<br \/>\u21d2 Ungef\u00e4hr 3500 m2 Schuppen.<br \/>\u21d2\u00a0Direkte Kontrolle des gesamten Produktionsprozesses.<br \/>\u21d2\u00a0CE-Kennzeichnung und zugeh\u00f6rige Zertifikate\u00a0und Etiketten.<br \/>\u21d2\u00a0Gro\u00dfe Auswahl an st\u00e4ndig aktualisierten Maschinen.<br \/>\u21d2\u00a0M\u00f6glichkeit des Direkteinkaufs im Unternehmen zu wettbewerbsf\u00e4higen Preisen, ohne auf h\u00f6chste Design- und Qualit\u00e4tsstandards zu verzichten.<\/p>\t\t\t\t\t\t\t\t<\/div>\n\t\t\t\t<\/div>\n\t\t\t\t\t<\/div>\n\t\t\t\t<\/div>\n\t\t<div class=\"elementor-element elementor-element-a8a9d1a e-flex e-con-boxed e-con e-parent\" data-id=\"a8a9d1a\" data-element_type=\"container\" data-e-type=\"container\">\n\t\t\t\t\t<div class=\"e-con-inner\">\n\t\t<a class=\"elementor-element elementor-element-eb10b45 e-flex e-con-boxed e-con e-child\" data-id=\"eb10b45\" data-element_type=\"container\" data-e-type=\"container\" data-settings=\"{&quot;background_background&quot;:&quot;classic&quot;}\" href=\"http:\/\/ecminfissi.it\/de\/produkte\/vorrichtungen\/\">\n\t\t\t\t\t<div class=\"e-con-inner\">\n\t\t\t\t<div class=\"elementor-element elementor-element-49b0cb9 elementor-widget elementor-widget-heading\" data-id=\"49b0cb9\" data-element_type=\"widget\" data-e-type=\"widget\" data-widget_type=\"heading.default\">\n\t\t\t\t<div class=\"elementor-widget-container\">\n\t\t\t\t\t<h2 class=\"elementor-heading-title elementor-size-default\">Vorrichtungen<\/h2>\t\t\t\t<\/div>\n\t\t\t\t<\/div>\n\t\t\t\t\t<\/div>\n\t\t\t\t<\/a>\n\t\t<a class=\"elementor-element elementor-element-1ccb5c1 e-flex e-con-boxed e-con e-child\" data-id=\"1ccb5c1\" data-element_type=\"container\" data-e-type=\"container\" data-settings=\"{&quot;background_background&quot;:&quot;classic&quot;}\" href=\"http:\/\/ecminfissi.it\/de\/produkte\/schmiedearbeiten\/\">\n\t\t\t\t\t<div class=\"e-con-inner\">\n\t\t\t\t<div class=\"elementor-element elementor-element-479c1c9 elementor-widget elementor-widget-heading\" data-id=\"479c1c9\" data-element_type=\"widget\" data-e-type=\"widget\" data-widget_type=\"heading.default\">\n\t\t\t\t<div class=\"elementor-widget-container\">\n\t\t\t\t\t<h2 class=\"elementor-heading-title elementor-size-default\">SCHMIEDEARBEITEN<\/h2>\t\t\t\t<\/div>\n\t\t\t\t<\/div>\n\t\t\t\t\t<\/div>\n\t\t\t\t<\/a>\n\t\t\t\t\t<\/div>\n\t\t\t\t<\/div>\n\t\t<div class=\"elementor-element elementor-element-3b5ae5b e-flex e-con-boxed e-con e-parent\" data-id=\"3b5ae5b\" data-element_type=\"container\" data-e-type=\"container\">\n\t\t\t\t\t<div class=\"e-con-inner\">\n\t\t<a class=\"elementor-element elementor-element-7ad2146 e-flex e-con-boxed e-con e-child\" data-id=\"7ad2146\" data-element_type=\"container\" data-e-type=\"container\" data-settings=\"{&quot;background_background&quot;:&quot;classic&quot;}\" href=\"http:\/\/ecminfissi.it\/de\/produktion\/\">\n\t\t\t\t\t<div class=\"e-con-inner\">\n\t\t<div class=\"elementor-element elementor-element-7bf0aa7 e-flex e-con-boxed e-con e-child\" data-id=\"7bf0aa7\" data-element_type=\"container\" data-e-type=\"container\">\n\t\t\t\t\t<div class=\"e-con-inner\">\n\t\t\t\t<div class=\"elementor-element elementor-element-09b3b81 elementor-widget__width-auto elementor-widget elementor-widget-heading\" data-id=\"09b3b81\" data-element_type=\"widget\" data-e-type=\"widget\" data-widget_type=\"heading.default\">\n\t\t\t\t<div class=\"elementor-widget-container\">\n\t\t\t\t\t<h2 class=\"elementor-heading-title elementor-size-default\">Du siehst<\/h2>\t\t\t\t<\/div>\n\t\t\t\t<\/div>\n\t\t\t\t<div class=\"elementor-element elementor-element-6ca8f03 elementor-widget__width-auto elementor-widget elementor-widget-heading\" data-id=\"6ca8f03\" data-element_type=\"widget\" data-e-type=\"widget\" data-widget_type=\"heading.default\">\n\t\t\t\t<div class=\"elementor-widget-container\">\n\t\t\t\t\t<h2 class=\"elementor-heading-title elementor-size-default\">Produktion<\/h2>\t\t\t\t<\/div>\n\t\t\t\t<\/div>\n\t\t\t\t\t<\/div>\n\t\t\t\t<\/div>\n\t\t\t\t\t<\/div>\n\t\t\t\t<\/a>\n\t\t\t\t\t<\/div>\n\t\t\t\t<\/div>\n\t\t\t\t<\/div>\n\t\t","protected":false},"excerpt":{"rendered":"<p>E.C.M. ist ein Hersteller von Aluminiumrahmen und PVC, ohne dabei die traditionelle Handwerkskunst und die strukturellen Schmiedearbeiten zu vernachl\u00e4ssigen. Die Produktions- und Servicekapazit\u00e4ten von E.C.M. sind sowohl quantitativ als auch qualitativ an der Spitze der Branche in der Region Marken.\u21d2 Ungef\u00e4hr 3500 m2 Schuppen.\u21d2\u00a0Direkte Kontrolle des gesamten Produktionsprozesses.\u21d2\u00a0CE-Kennzeichnung und zugeh\u00f6rige Zertifikate\u00a0und Etiketten.\u21d2\u00a0Gro\u00dfe Auswahl an st\u00e4ndig [&hellip;]<\/p>\n","protected":false},"author":3,"featured_media":0,"parent":0,"menu_order":0,"comment_status":"closed","ping_status":"closed","template":"","meta":{"_joinchat":[],"footnotes":""},"tags":[],"page_category":[],"class_list":["post-3493","page","type-page","status-publish","hentry"],"yoast_head":"<!-- This site is optimized with the Yoast SEO plugin v27.3 - https:\/\/yoast.com\/product\/yoast-seo-wordpress\/ -->\n<title>Produkte | E.C.M. Infissi<\/title>\n<meta name=\"robots\" content=\"index, follow, max-snippet:-1, max-image-preview:large, max-video-preview:-1\" \/>\n<link rel=\"canonical\" href=\"https:\/\/ecminfissi.it\/de\/produkte\/\" \/>\n<meta property=\"og:locale\" content=\"de_DE\" \/>\n<meta property=\"og:type\" content=\"article\" \/>\n<meta property=\"og:title\" content=\"Produkte | E.C.M. Infissi\" \/>\n<meta property=\"og:description\" content=\"E.C.M. ist ein Hersteller von Aluminiumrahmen und PVC, ohne dabei die traditionelle Handwerkskunst und die strukturellen Schmiedearbeiten zu vernachl\u00e4ssigen. Die Produktions- und Servicekapazit\u00e4ten von E.C.M. sind sowohl quantitativ als auch qualitativ an der Spitze der Branche in der Region Marken.\u21d2 Ungef\u00e4hr 3500 m2 Schuppen.\u21d2\u00a0Direkte Kontrolle des gesamten Produktionsprozesses.\u21d2\u00a0CE-Kennzeichnung und zugeh\u00f6rige Zertifikate\u00a0und Etiketten.\u21d2\u00a0Gro\u00dfe Auswahl an st\u00e4ndig [&hellip;]\" \/>\n<meta property=\"og:url\" content=\"https:\/\/ecminfissi.it\/de\/produkte\/\" \/>\n<meta property=\"og:site_name\" content=\"E.C.M. Infissi\" \/>\n<meta property=\"article:publisher\" content=\"https:\/\/www.facebook.com\/EcmInfissi\" \/>\n<meta property=\"article:modified_time\" content=\"2023-05-26T09:34:37+00:00\" \/>\n<meta property=\"og:image\" content=\"https:\/\/ecminfissi.it\/wp-content\/uploads\/2015\/11\/ecm-infissi-serramenti-finestre-logo.png\" \/>\n\t<meta property=\"og:image:width\" content=\"300\" \/>\n\t<meta property=\"og:image:height\" content=\"142\" \/>\n\t<meta property=\"og:image:type\" content=\"image\/png\" \/>\n<meta name=\"twitter:card\" content=\"summary_large_image\" \/>\n<meta name=\"twitter:label1\" content=\"Gesch\u00e4tzte Lesezeit\" \/>\n\t<meta name=\"twitter:data1\" content=\"1\u00a0Minute\" \/>\n<script type=\"application\/ld+json\" class=\"yoast-schema-graph\">{\"@context\":\"https:\\\/\\\/schema.org\",\"@graph\":[{\"@type\":\"WebPage\",\"@id\":\"https:\\\/\\\/ecminfissi.it\\\/de\\\/produkte\\\/\",\"url\":\"https:\\\/\\\/ecminfissi.it\\\/de\\\/produkte\\\/\",\"name\":\"Produkte | E.C.M. Infissi\",\"isPartOf\":{\"@id\":\"https:\\\/\\\/ecminfissi.it\\\/#website\"},\"datePublished\":\"2023-05-11T12:06:20+00:00\",\"dateModified\":\"2023-05-26T09:34:37+00:00\",\"breadcrumb\":{\"@id\":\"https:\\\/\\\/ecminfissi.it\\\/de\\\/produkte\\\/#breadcrumb\"},\"inLanguage\":\"de\",\"potentialAction\":[{\"@type\":\"ReadAction\",\"target\":[\"https:\\\/\\\/ecminfissi.it\\\/de\\\/produkte\\\/\"]}]},{\"@type\":\"BreadcrumbList\",\"@id\":\"https:\\\/\\\/ecminfissi.it\\\/de\\\/produkte\\\/#breadcrumb\",\"itemListElement\":[{\"@type\":\"ListItem\",\"position\":1,\"name\":\"Home\",\"item\":\"https:\\\/\\\/ecminfissi.it\\\/\"},{\"@type\":\"ListItem\",\"position\":2,\"name\":\"Produkte\"}]},{\"@type\":\"WebSite\",\"@id\":\"https:\\\/\\\/ecminfissi.it\\\/#website\",\"url\":\"https:\\\/\\\/ecminfissi.it\\\/\",\"name\":\"ECM Infissi\",\"description\":\"Infissi, Serramenti e Finestre in Alluminio e PVC\",\"publisher\":{\"@id\":\"https:\\\/\\\/ecminfissi.it\\\/#organization\"},\"alternateName\":\"Infissi, Serramenti e Finestre in Alluminio e PVC\",\"potentialAction\":[{\"@type\":\"SearchAction\",\"target\":{\"@type\":\"EntryPoint\",\"urlTemplate\":\"https:\\\/\\\/ecminfissi.it\\\/?s={search_term_string}\"},\"query-input\":{\"@type\":\"PropertyValueSpecification\",\"valueRequired\":true,\"valueName\":\"search_term_string\"}}],\"inLanguage\":\"de\"},{\"@type\":\"Organization\",\"@id\":\"https:\\\/\\\/ecminfissi.it\\\/#organization\",\"name\":\"ECM Infissi\",\"url\":\"https:\\\/\\\/ecminfissi.it\\\/\",\"logo\":{\"@type\":\"ImageObject\",\"inLanguage\":\"de\",\"@id\":\"https:\\\/\\\/ecminfissi.it\\\/#\\\/schema\\\/logo\\\/image\\\/\",\"url\":\"https:\\\/\\\/ecminfissi.it\\\/wp-content\\\/uploads\\\/2015\\\/11\\\/ecm-infissi-serramenti-finestre-logo.png\",\"contentUrl\":\"https:\\\/\\\/ecminfissi.it\\\/wp-content\\\/uploads\\\/2015\\\/11\\\/ecm-infissi-serramenti-finestre-logo.png\",\"width\":300,\"height\":142,\"caption\":\"ECM Infissi\"},\"image\":{\"@id\":\"https:\\\/\\\/ecminfissi.it\\\/#\\\/schema\\\/logo\\\/image\\\/\"},\"sameAs\":[\"https:\\\/\\\/www.facebook.com\\\/EcmInfissi\",\"https:\\\/\\\/it.linkedin.com\\\/company\\\/ecm-srl-produttori-di-infissi\"]}]}<\/script>\n<!-- \/ Yoast SEO plugin. -->","yoast_head_json":{"title":"Produkte | E.C.M. Infissi","robots":{"index":"index","follow":"follow","max-snippet":"max-snippet:-1","max-image-preview":"max-image-preview:large","max-video-preview":"max-video-preview:-1"},"canonical":"https:\/\/ecminfissi.it\/de\/produkte\/","og_locale":"de_DE","og_type":"article","og_title":"Produkte | E.C.M. Infissi","og_description":"E.C.M. ist ein Hersteller von Aluminiumrahmen und PVC, ohne dabei die traditionelle Handwerkskunst und die strukturellen Schmiedearbeiten zu vernachl\u00e4ssigen. Die Produktions- und Servicekapazit\u00e4ten von E.C.M. sind sowohl quantitativ als auch qualitativ an der Spitze der Branche in der Region Marken.\u21d2 Ungef\u00e4hr 3500 m2 Schuppen.\u21d2\u00a0Direkte Kontrolle des gesamten Produktionsprozesses.\u21d2\u00a0CE-Kennzeichnung und zugeh\u00f6rige Zertifikate\u00a0und Etiketten.\u21d2\u00a0Gro\u00dfe Auswahl an st\u00e4ndig [&hellip;]","og_url":"https:\/\/ecminfissi.it\/de\/produkte\/","og_site_name":"E.C.M. Infissi","article_publisher":"https:\/\/www.facebook.com\/EcmInfissi","article_modified_time":"2023-05-26T09:34:37+00:00","og_image":[{"width":300,"height":142,"url":"https:\/\/ecminfissi.it\/wp-content\/uploads\/2015\/11\/ecm-infissi-serramenti-finestre-logo.png","type":"image\/png"}],"twitter_card":"summary_large_image","twitter_misc":{"Gesch\u00e4tzte Lesezeit":"1\u00a0Minute"},"schema":{"@context":"https:\/\/schema.org","@graph":[{"@type":"WebPage","@id":"https:\/\/ecminfissi.it\/de\/produkte\/","url":"https:\/\/ecminfissi.it\/de\/produkte\/","name":"Produkte | E.C.M. Infissi","isPartOf":{"@id":"https:\/\/ecminfissi.it\/#website"},"datePublished":"2023-05-11T12:06:20+00:00","dateModified":"2023-05-26T09:34:37+00:00","breadcrumb":{"@id":"https:\/\/ecminfissi.it\/de\/produkte\/#breadcrumb"},"inLanguage":"de","potentialAction":[{"@type":"ReadAction","target":["https:\/\/ecminfissi.it\/de\/produkte\/"]}]},{"@type":"BreadcrumbList","@id":"https:\/\/ecminfissi.it\/de\/produkte\/#breadcrumb","itemListElement":[{"@type":"ListItem","position":1,"name":"Home","item":"https:\/\/ecminfissi.it\/"},{"@type":"ListItem","position":2,"name":"Produkte"}]},{"@type":"WebSite","@id":"https:\/\/ecminfissi.it\/#website","url":"https:\/\/ecminfissi.it\/","name":"ECM Infissi","description":"Infissi, Serramenti e Finestre in Alluminio e PVC","publisher":{"@id":"https:\/\/ecminfissi.it\/#organization"},"alternateName":"Infissi, Serramenti e Finestre in Alluminio e PVC","potentialAction":[{"@type":"SearchAction","target":{"@type":"EntryPoint","urlTemplate":"https:\/\/ecminfissi.it\/?s={search_term_string}"},"query-input":{"@type":"PropertyValueSpecification","valueRequired":true,"valueName":"search_term_string"}}],"inLanguage":"de"},{"@type":"Organization","@id":"https:\/\/ecminfissi.it\/#organization","name":"ECM Infissi","url":"https:\/\/ecminfissi.it\/","logo":{"@type":"ImageObject","inLanguage":"de","@id":"https:\/\/ecminfissi.it\/#\/schema\/logo\/image\/","url":"https:\/\/ecminfissi.it\/wp-content\/uploads\/2015\/11\/ecm-infissi-serramenti-finestre-logo.png","contentUrl":"https:\/\/ecminfissi.it\/wp-content\/uploads\/2015\/11\/ecm-infissi-serramenti-finestre-logo.png","width":300,"height":142,"caption":"ECM Infissi"},"image":{"@id":"https:\/\/ecminfissi.it\/#\/schema\/logo\/image\/"},"sameAs":["https:\/\/www.facebook.com\/EcmInfissi","https:\/\/it.linkedin.com\/company\/ecm-srl-produttori-di-infissi"]}]}},"_links":{"self":[{"href":"https:\/\/ecminfissi.it\/de\/wp-json\/wp\/v2\/pages\/3493","targetHints":{"allow":["GET"]}}],"collection":[{"href":"https:\/\/ecminfissi.it\/de\/wp-json\/wp\/v2\/pages"}],"about":[{"href":"https:\/\/ecminfissi.it\/de\/wp-json\/wp\/v2\/types\/page"}],"author":[{"embeddable":true,"href":"https:\/\/ecminfissi.it\/de\/wp-json\/wp\/v2\/users\/3"}],"replies":[{"embeddable":true,"href":"https:\/\/ecminfissi.it\/de\/wp-json\/wp\/v2\/comments?post=3493"}],"version-history":[{"count":0,"href":"https:\/\/ecminfissi.it\/de\/wp-json\/wp\/v2\/pages\/3493\/revisions"}],"wp:attachment":[{"href":"https:\/\/ecminfissi.it\/de\/wp-json\/wp\/v2\/media?parent=3493"}],"wp:term":[{"taxonomy":"post_tag","embeddable":true,"href":"https:\/\/ecminfissi.it\/de\/wp-json\/wp\/v2\/tags?post=3493"},{"taxonomy":"page_category","embeddable":true,"href":"https:\/\/ecminfissi.it\/de\/wp-json\/wp\/v2\/page_category?post=3493"}],"curies":[{"name":"wp","href":"https:\/\/api.w.org\/{rel}","templated":true}]}}