{"id":3410,"date":"2023-05-11T13:07:58","date_gmt":"2023-05-11T11:07:58","guid":{"rendered":"http:\/\/ecminfissi.it\/home\/"},"modified":"2026-01-30T10:01:53","modified_gmt":"2026-01-30T09:01:53","slug":"home","status":"publish","type":"page","link":"https:\/\/ecminfissi.it\/de\/","title":{"rendered":"Home"},"content":{"rendered":"\t\t<div data-elementor-type=\"wp-page\" data-elementor-id=\"3410\" class=\"elementor elementor-3410 elementor-2162\" data-elementor-post-type=\"page\">\n\t\t\t\t<div class=\"elementor-element elementor-element-e73e07c e-flex e-con-boxed e-con e-parent\" data-id=\"e73e07c\" data-element_type=\"container\" data-e-type=\"container\">\n\t\t\t\t\t<div class=\"e-con-inner\">\n\t\t<div class=\"elementor-element elementor-element-7102125 e-flex e-con-boxed e-con e-child\" data-id=\"7102125\" data-element_type=\"container\" data-e-type=\"container\">\n\t\t\t\t\t<div class=\"e-con-inner\">\n\t\t\t\t<div class=\"elementor-element elementor-element-5003161 elementor-widget elementor-widget-text-editor\" data-id=\"5003161\" data-element_type=\"widget\" data-e-type=\"widget\" data-widget_type=\"text-editor.default\">\n\t\t\t\t<div class=\"elementor-widget-container\">\n\t\t\t\t\t\t\t\t\t<p>E.C.M. mit Sitz in Osimo (Ancona) ist seit 1960 im Bereich der <strong>Metallverarbeitung<\/strong> sowie in der <strong>Herstellung<\/strong>, <strong>Vermarktung<\/strong> und <strong>Montage<\/strong> von <strong>Fensterrahmen<\/strong>, <strong>T\u00fcr- und Fenstersystemen<\/strong> aus <strong>Aluminium<\/strong> und <strong>PVC<\/strong> t\u00e4tig \u2013 darunter Sicherheitst\u00fcren, Innent\u00fcren, Schiebet\u00fcren, automatische T\u00fcren, Veranden, Vord\u00e4cher, Dachgauben, Sektionaltore, Rolll\u00e4den, Kipptore, Brandschutzt\u00fcren, Sicherheitsgitter, Montagezargen, Rollladenk\u00e4sten, Monobl\u00f6cke, Jalousien, Fliegengitter, Lamellenvorh\u00e4nge, Verdunkelungsvorh\u00e4nge, Fensterl\u00e4den \u2013 und ganz allgemein alle Produkte des Fenster- und T\u00fcrenbaus.<\/p>\t\t\t\t\t\t\t\t<\/div>\n\t\t\t\t<\/div>\n\t\t\t\t<div class=\"elementor-element elementor-element-aa52773 elementor-arrows-position-inside elementor-widget elementor-widget-image-carousel\" data-id=\"aa52773\" data-element_type=\"widget\" data-e-type=\"widget\" data-settings=\"{&quot;slides_to_show&quot;:&quot;1&quot;,&quot;navigation&quot;:&quot;arrows&quot;,&quot;autoplay&quot;:&quot;yes&quot;,&quot;pause_on_hover&quot;:&quot;yes&quot;,&quot;pause_on_interaction&quot;:&quot;yes&quot;,&quot;autoplay_speed&quot;:5000,&quot;infinite&quot;:&quot;yes&quot;,&quot;effect&quot;:&quot;slide&quot;,&quot;speed&quot;:500}\" data-widget_type=\"image-carousel.default\">\n\t\t\t\t<div class=\"elementor-widget-container\">\n\t\t\t\t\t\t\t<div class=\"elementor-image-carousel-wrapper swiper\" role=\"region\" aria-roledescription=\"carousel\" aria-label=\"Carosello d&#039;immagini\" dir=\"ltr\">\n\t\t\t<div class=\"elementor-image-carousel swiper-wrapper\" aria-live=\"off\">\n\t\t\t\t\t\t\t\t<div class=\"swiper-slide\" role=\"group\" aria-roledescription=\"slide\" aria-label=\"1 von 2\"><figure class=\"swiper-slide-inner\"><img decoding=\"async\" class=\"swiper-slide-image\" src=\"https:\/\/ecminfissi.it\/wp-content\/uploads\/2026\/01\/ecm-produttori-infissi-finestre-pvc-alluminio-serramenti-ancona-mezzi-202601.jpg\" alt=\"ecm-produttori-infissi-finestre-pvc-alluminio-serramenti-ancona-mezzi-202601\" \/><\/figure><\/div><div class=\"swiper-slide\" role=\"group\" aria-roledescription=\"slide\" aria-label=\"2 von 2\"><figure class=\"swiper-slide-inner\"><img decoding=\"async\" class=\"swiper-slide-image\" src=\"https:\/\/ecminfissi.it\/wp-content\/uploads\/2022\/09\/ecm-produttori-infissi-finestre-pvc-alluminio-serramenti-ancona-ditta2022-1.jpg\" alt=\"ecm-produttori-infissi-finestre-pvc-alluminio-serramenti-ancona-ditta2022-1\" \/><\/figure><\/div>\t\t\t<\/div>\n\t\t\t\t\t\t\t\t\t\t\t\t<div class=\"elementor-swiper-button elementor-swiper-button-prev\" role=\"button\" tabindex=\"0\">\n\t\t\t\t\t\t<svg aria-hidden=\"true\" class=\"e-font-icon-svg e-eicon-chevron-left\" viewBox=\"0 0 1000 1000\" xmlns=\"http:\/\/www.w3.org\/2000\/svg\"><path d=\"M646 125C629 125 613 133 604 142L308 442C296 454 292 471 292 487 292 504 296 521 308 533L604 854C617 867 629 875 646 875 663 875 679 871 692 858 704 846 713 829 713 812 713 796 708 779 692 767L438 487 692 225C700 217 708 204 708 187 708 171 704 154 692 142 675 129 663 125 646 125Z\"><\/path><\/svg>\t\t\t\t\t<\/div>\n\t\t\t\t\t<div class=\"elementor-swiper-button elementor-swiper-button-next\" role=\"button\" tabindex=\"0\">\n\t\t\t\t\t\t<svg aria-hidden=\"true\" class=\"e-font-icon-svg e-eicon-chevron-right\" viewBox=\"0 0 1000 1000\" xmlns=\"http:\/\/www.w3.org\/2000\/svg\"><path d=\"M696 533C708 521 713 504 713 487 713 471 708 454 696 446L400 146C388 133 375 125 354 125 338 125 325 129 313 142 300 154 292 171 292 187 292 204 296 221 308 233L563 492 304 771C292 783 288 800 288 817 288 833 296 850 308 863 321 871 338 875 354 875 371 875 388 867 400 854L696 533Z\"><\/path><\/svg>\t\t\t\t\t<\/div>\n\t\t\t\t\n\t\t\t\t\t\t\t\t\t<\/div>\n\t\t\t\t\t\t<\/div>\n\t\t\t\t<\/div>\n\t\t\t\t\t<\/div>\n\t\t\t\t<\/div>\n\t\t<div class=\"elementor-element elementor-element-dcd3731 e-flex e-con-boxed e-con e-child\" data-id=\"dcd3731\" data-element_type=\"container\" data-e-type=\"container\">\n\t\t\t\t\t<div class=\"e-con-inner\">\n\t\t<div class=\"elementor-element elementor-element-b1a2844 e-flex e-con-boxed e-con e-child\" data-id=\"b1a2844\" data-element_type=\"container\" data-e-type=\"container\">\n\t\t\t\t\t<div class=\"e-con-inner\">\n\t\t\t\t<div class=\"elementor-element elementor-element-7f6b4a7 elementor-widget elementor-widget-heading\" data-id=\"7f6b4a7\" data-element_type=\"widget\" data-e-type=\"widget\" data-widget_type=\"heading.default\">\n\t\t\t\t<div class=\"elementor-widget-container\">\n\t\t\t\t\t<h2 class=\"elementor-heading-title elementor-size-default\">Die Entwicklung eines Handwerksunternehmens<\/h2>\t\t\t\t<\/div>\n\t\t\t\t<\/div>\n\t\t\t\t<div class=\"elementor-element elementor-element-9cd183c elementor-widget elementor-widget-text-editor\" data-id=\"9cd183c\" data-element_type=\"widget\" data-e-type=\"widget\" data-widget_type=\"text-editor.default\">\n\t\t\t\t<div class=\"elementor-widget-container\">\n\t\t\t\t\t\t\t\t\t<p>E.C.M. produziert Fenster, T\u00fcren und Fenster aus Aluminium und PVC. Es geboren in der 60 \u201aintuitive Gr\u00fcnder Mario Chapel, <strong>Handwerker aus Eisen<\/strong>.<\/p>\t\t\t\t\t\t\t\t<\/div>\n\t\t\t\t<\/div>\n\t\t\t\t<div class=\"elementor-element elementor-element-bcc140a elementor-widget elementor-widget-text-editor\" data-id=\"bcc140a\" data-element_type=\"widget\" data-e-type=\"widget\" data-widget_type=\"text-editor.default\">\n\t\t\t\t<div class=\"elementor-widget-container\">\n\t\t\t\t\t\t\t\t\t<p><em><a href=\"https:\/\/www.ecminfissi.it\/de\/uber-uns\/\">Lesen Sie mehr<\/a><\/em><\/p>\t\t\t\t\t\t\t\t<\/div>\n\t\t\t\t<\/div>\n\t\t\t\t<div class=\"elementor-element elementor-element-3eb619f elementor-widget-divider--view-line elementor-widget elementor-widget-divider\" data-id=\"3eb619f\" data-element_type=\"widget\" data-e-type=\"widget\" data-widget_type=\"divider.default\">\n\t\t\t\t<div class=\"elementor-widget-container\">\n\t\t\t\t\t\t\t<div class=\"elementor-divider\">\n\t\t\t<span class=\"elementor-divider-separator\">\n\t\t\t\t\t\t<\/span>\n\t\t<\/div>\n\t\t\t\t\t\t<\/div>\n\t\t\t\t<\/div>\n\t\t\t\t\t<\/div>\n\t\t\t\t<\/div>\n\t\t<div class=\"elementor-element elementor-element-e5f8d33 e-flex e-con-boxed e-con e-child\" data-id=\"e5f8d33\" data-element_type=\"container\" data-e-type=\"container\">\n\t\t\t\t\t<div class=\"e-con-inner\">\n\t\t\t\t<div class=\"elementor-element elementor-element-3f7767f elementor-widget elementor-widget-heading\" data-id=\"3f7767f\" data-element_type=\"widget\" data-e-type=\"widget\" data-widget_type=\"heading.default\">\n\t\t\t\t<div class=\"elementor-widget-container\">\n\t\t\t\t\t<h2 class=\"elementor-heading-title elementor-size-default\">Eine L\u00f6sung f\u00fcr alle Ihre Bed\u00fcrfnisse<\/h2>\t\t\t\t<\/div>\n\t\t\t\t<\/div>\n\t\t\t\t<div class=\"elementor-element elementor-element-2e5b51e elementor-widget elementor-widget-text-editor\" data-id=\"2e5b51e\" data-element_type=\"widget\" data-e-type=\"widget\" data-widget_type=\"text-editor.default\">\n\t\t\t\t<div class=\"elementor-widget-container\">\n\t\t\t\t\t\t\t\t\t<p>E.C.M. ist ein Hersteller von Aluminium- und PVC-Armaturen und produziert seit mehr als 60 Jahren hochwertige handwerkliche und strukturelle Eisenarbeiten.<\/p>\t\t\t\t\t\t\t\t<\/div>\n\t\t\t\t<\/div>\n\t\t\t\t<div class=\"elementor-element elementor-element-67aedae elementor-widget elementor-widget-text-editor\" data-id=\"67aedae\" data-element_type=\"widget\" data-e-type=\"widget\" data-widget_type=\"text-editor.default\">\n\t\t\t\t<div class=\"elementor-widget-container\">\n\t\t\t\t\t\t\t\t\t<p><em><a href=\"https:\/\/www.ecminfissi.it\/de\/produkte\/\">Lesen Sie mehr<\/a><\/em><\/p>\t\t\t\t\t\t\t\t<\/div>\n\t\t\t\t<\/div>\n\t\t\t\t<div class=\"elementor-element elementor-element-e466615 elementor-widget-divider--view-line elementor-widget elementor-widget-divider\" data-id=\"e466615\" data-element_type=\"widget\" data-e-type=\"widget\" data-widget_type=\"divider.default\">\n\t\t\t\t<div class=\"elementor-widget-container\">\n\t\t\t\t\t\t\t<div class=\"elementor-divider\">\n\t\t\t<span class=\"elementor-divider-separator\">\n\t\t\t\t\t\t<\/span>\n\t\t<\/div>\n\t\t\t\t\t\t<\/div>\n\t\t\t\t<\/div>\n\t\t\t\t\t<\/div>\n\t\t\t\t<\/div>\n\t\t<div class=\"elementor-element elementor-element-bd1d0bd e-flex e-con-boxed e-con e-child\" data-id=\"bd1d0bd\" data-element_type=\"container\" data-e-type=\"container\">\n\t\t\t\t\t<div class=\"e-con-inner\">\n\t\t\t\t<div class=\"elementor-element elementor-element-d617c6e elementor-widget elementor-widget-heading\" data-id=\"d617c6e\" data-element_type=\"widget\" data-e-type=\"widget\" data-widget_type=\"heading.default\">\n\t\t\t\t<div class=\"elementor-widget-container\">\n\t\t\t\t\t<h2 class=\"elementor-heading-title elementor-size-default\">Design, Qualit\u00e4t, Unterst\u00fctzung!<\/h2>\t\t\t\t<\/div>\n\t\t\t\t<\/div>\n\t\t\t\t<div class=\"elementor-element elementor-element-11178cf elementor-widget elementor-widget-text-editor\" data-id=\"11178cf\" data-element_type=\"widget\" data-e-type=\"widget\" data-widget_type=\"text-editor.default\">\n\t\t\t\t<div class=\"elementor-widget-container\">\n\t\t\t\t\t\t\t\t\t<p>\u00d6ffentliche Einrichtungen, Homebuilders, technische Studien und Abschluss Clients \u2013 \u2013 mit kundenspezifische Designs E.C.M. wird auf ein breites Spektrum von Interessengruppen ansprechen.<\/p>\t\t\t\t\t\t\t\t<\/div>\n\t\t\t\t<\/div>\n\t\t\t\t<div class=\"elementor-element elementor-element-477f930 elementor-widget elementor-widget-text-editor\" data-id=\"477f930\" data-element_type=\"widget\" data-e-type=\"widget\" data-widget_type=\"text-editor.default\">\n\t\t\t\t<div class=\"elementor-widget-container\">\n\t\t\t\t\t\t\t\t\t<p><em><a href=\"https:\/\/www.ecminfissi.it\/de\/service\/\">Lesen Sie mehr<\/a><\/em><\/p>\t\t\t\t\t\t\t\t<\/div>\n\t\t\t\t<\/div>\n\t\t\t\t<div class=\"elementor-element elementor-element-5a423c1 elementor-widget-divider--view-line elementor-widget elementor-widget-divider\" data-id=\"5a423c1\" data-element_type=\"widget\" data-e-type=\"widget\" data-widget_type=\"divider.default\">\n\t\t\t\t<div class=\"elementor-widget-container\">\n\t\t\t\t\t\t\t<div class=\"elementor-divider\">\n\t\t\t<span class=\"elementor-divider-separator\">\n\t\t\t\t\t\t<\/span>\n\t\t<\/div>\n\t\t\t\t\t\t<\/div>\n\t\t\t\t<\/div>\n\t\t\t\t\t<\/div>\n\t\t\t\t<\/div>\n\t\t\t\t\t<\/div>\n\t\t\t\t<\/div>\n\t\t\t\t\t<\/div>\n\t\t\t\t<\/div>\n\t\t<div class=\"elementor-element elementor-element-ca63c6e e-flex e-con-boxed e-con e-parent\" data-id=\"ca63c6e\" data-element_type=\"container\" data-e-type=\"container\">\n\t\t\t\t\t<div class=\"e-con-inner\">\n\t\t<a class=\"elementor-element elementor-element-3375026 e-flex e-con-boxed e-con e-child\" data-id=\"3375026\" data-element_type=\"container\" data-e-type=\"container\" data-settings=\"{&quot;background_background&quot;:&quot;classic&quot;}\" href=\"https:\/\/ecminfissi.it\/de\/showroom\">\n\t\t\t\t\t<div class=\"e-con-inner\">\n\t\t<div class=\"elementor-element elementor-element-c25463a e-flex e-con-boxed e-con e-child\" data-id=\"c25463a\" data-element_type=\"container\" data-e-type=\"container\">\n\t\t\t\t\t<div class=\"e-con-inner\">\n\t\t\t\t<div class=\"elementor-element elementor-element-6cefeca elementor-widget__width-auto elementor-widget elementor-widget-heading\" data-id=\"6cefeca\" data-element_type=\"widget\" data-e-type=\"widget\" data-widget_type=\"heading.default\">\n\t\t\t\t<div class=\"elementor-widget-container\">\n\t\t\t\t\t<h2 class=\"elementor-heading-title elementor-size-default\">Besuchen<\/h2>\t\t\t\t<\/div>\n\t\t\t\t<\/div>\n\t\t\t\t<div class=\"elementor-element elementor-element-aa8a5f5 elementor-widget__width-auto elementor-widget elementor-widget-heading\" data-id=\"aa8a5f5\" data-element_type=\"widget\" data-e-type=\"widget\" data-widget_type=\"heading.default\">\n\t\t\t\t<div class=\"elementor-widget-container\">\n\t\t\t\t\t<h2 class=\"elementor-heading-title elementor-size-default\">Sie die Showroom<\/h2>\t\t\t\t<\/div>\n\t\t\t\t<\/div>\n\t\t\t\t\t<\/div>\n\t\t\t\t<\/div>\n\t\t\t\t\t<\/div>\n\t\t\t\t<\/a>\n\t\t<a class=\"elementor-element elementor-element-6bf65e3 e-flex e-con-boxed e-con e-child\" data-id=\"6bf65e3\" data-element_type=\"container\" data-e-type=\"container\" data-settings=\"{&quot;background_background&quot;:&quot;classic&quot;}\" href=\"http:\/\/ecminfissi.it\/de\/produktion\/\">\n\t\t\t\t\t<div class=\"e-con-inner\">\n\t\t<div class=\"elementor-element elementor-element-a9ceae2 e-flex e-con-boxed e-con e-child\" data-id=\"a9ceae2\" data-element_type=\"container\" data-e-type=\"container\">\n\t\t\t\t\t<div class=\"e-con-inner\">\n\t\t\t\t<div class=\"elementor-element elementor-element-29c203d elementor-widget__width-auto elementor-widget elementor-widget-heading\" data-id=\"29c203d\" data-element_type=\"widget\" data-e-type=\"widget\" data-widget_type=\"heading.default\">\n\t\t\t\t<div class=\"elementor-widget-container\">\n\t\t\t\t\t<h2 class=\"elementor-heading-title elementor-size-default\">Du siehst<\/h2>\t\t\t\t<\/div>\n\t\t\t\t<\/div>\n\t\t\t\t<div class=\"elementor-element elementor-element-99cd5e3 elementor-widget__width-auto elementor-widget elementor-widget-heading\" data-id=\"99cd5e3\" data-element_type=\"widget\" data-e-type=\"widget\" data-widget_type=\"heading.default\">\n\t\t\t\t<div class=\"elementor-widget-container\">\n\t\t\t\t\t<h2 class=\"elementor-heading-title elementor-size-default\">Produktion<\/h2>\t\t\t\t<\/div>\n\t\t\t\t<\/div>\n\t\t\t\t\t<\/div>\n\t\t\t\t<\/div>\n\t\t\t\t\t<\/div>\n\t\t\t\t<\/a>\n\t\t\t\t\t<\/div>\n\t\t\t\t<\/div>\n\t\t\t\t<\/div>\n\t\t","protected":false},"excerpt":{"rendered":"<p>E.C.M. mit Sitz in Osimo (Ancona) ist seit 1960 im Bereich der Metallverarbeitung sowie in der Herstellung, Vermarktung und Montage von Fensterrahmen, T\u00fcr- und Fenstersystemen aus Aluminium und PVC t\u00e4tig \u2013 darunter Sicherheitst\u00fcren, Innent\u00fcren, Schiebet\u00fcren, automatische T\u00fcren, Veranden, Vord\u00e4cher, Dachgauben, Sektionaltore, Rolll\u00e4den, Kipptore, Brandschutzt\u00fcren, Sicherheitsgitter, Montagezargen, Rollladenk\u00e4sten, Monobl\u00f6cke, Jalousien, Fliegengitter, Lamellenvorh\u00e4nge, Verdunkelungsvorh\u00e4nge, Fensterl\u00e4den \u2013 und [&hellip;]<\/p>\n","protected":false},"author":3,"featured_media":0,"parent":0,"menu_order":0,"comment_status":"closed","ping_status":"closed","template":"","meta":{"_joinchat":[],"footnotes":""},"tags":[],"page_category":[],"class_list":["post-3410","page","type-page","status-publish","hentry"],"yoast_head":"<!-- This site is optimized with the Yoast SEO plugin v27.3 - https:\/\/yoast.com\/product\/yoast-seo-wordpress\/ -->\n<title>Home | E.C.M. Infissi<\/title>\n<meta name=\"robots\" content=\"index, follow, max-snippet:-1, max-image-preview:large, max-video-preview:-1\" \/>\n<link rel=\"canonical\" href=\"https:\/\/ecminfissi.it\/\" \/>\n<meta property=\"og:locale\" content=\"de_DE\" \/>\n<meta property=\"og:type\" content=\"article\" \/>\n<meta property=\"og:title\" content=\"Home | E.C.M. Infissi\" \/>\n<meta property=\"og:description\" content=\"E.C.M. mit Sitz in Osimo (Ancona) ist seit 1960 im Bereich der Metallverarbeitung sowie in der Herstellung, Vermarktung und Montage von Fensterrahmen, T\u00fcr- und Fenstersystemen aus Aluminium und PVC t\u00e4tig \u2013 darunter Sicherheitst\u00fcren, Innent\u00fcren, Schiebet\u00fcren, automatische T\u00fcren, Veranden, Vord\u00e4cher, Dachgauben, Sektionaltore, Rolll\u00e4den, Kipptore, Brandschutzt\u00fcren, Sicherheitsgitter, Montagezargen, Rollladenk\u00e4sten, Monobl\u00f6cke, Jalousien, Fliegengitter, Lamellenvorh\u00e4nge, Verdunkelungsvorh\u00e4nge, Fensterl\u00e4den \u2013 und [&hellip;]\" \/>\n<meta property=\"og:url\" content=\"https:\/\/ecminfissi.it\/\" \/>\n<meta property=\"og:site_name\" content=\"E.C.M. Infissi\" \/>\n<meta property=\"article:publisher\" content=\"https:\/\/www.facebook.com\/EcmInfissi\" \/>\n<meta property=\"article:modified_time\" content=\"2026-01-30T09:01:53+00:00\" \/>\n<meta property=\"og:image\" content=\"https:\/\/ecminfissi.it\/wp-content\/uploads\/2026\/01\/ecm-produttori-infissi-finestre-pvc-alluminio-serramenti-ancona-mezzi-202601.jpg\" \/>\n<meta name=\"twitter:card\" content=\"summary_large_image\" \/>\n<meta name=\"twitter:label1\" content=\"Gesch\u00e4tzte Lesezeit\" \/>\n\t<meta name=\"twitter:data1\" content=\"2\u00a0Minuten\" \/>\n<script type=\"application\/ld+json\" class=\"yoast-schema-graph\">{\"@context\":\"https:\\\/\\\/schema.org\",\"@graph\":[{\"@type\":\"WebPage\",\"@id\":\"https:\\\/\\\/ecminfissi.it\\\/\",\"url\":\"https:\\\/\\\/ecminfissi.it\\\/\",\"name\":\"Home | E.C.M. Infissi\",\"isPartOf\":{\"@id\":\"https:\\\/\\\/ecminfissi.it\\\/#website\"},\"primaryImageOfPage\":{\"@id\":\"https:\\\/\\\/ecminfissi.it\\\/#primaryimage\"},\"image\":{\"@id\":\"https:\\\/\\\/ecminfissi.it\\\/#primaryimage\"},\"thumbnailUrl\":\"https:\\\/\\\/ecminfissi.it\\\/wp-content\\\/uploads\\\/2026\\\/01\\\/ecm-produttori-infissi-finestre-pvc-alluminio-serramenti-ancona-mezzi-202601.jpg\",\"datePublished\":\"2023-05-11T11:07:58+00:00\",\"dateModified\":\"2026-01-30T09:01:53+00:00\",\"breadcrumb\":{\"@id\":\"https:\\\/\\\/ecminfissi.it\\\/#breadcrumb\"},\"inLanguage\":\"de\",\"potentialAction\":[{\"@type\":\"ReadAction\",\"target\":[\"https:\\\/\\\/ecminfissi.it\\\/\"]}]},{\"@type\":\"ImageObject\",\"inLanguage\":\"de\",\"@id\":\"https:\\\/\\\/ecminfissi.it\\\/#primaryimage\",\"url\":\"https:\\\/\\\/ecminfissi.it\\\/wp-content\\\/uploads\\\/2026\\\/01\\\/ecm-produttori-infissi-finestre-pvc-alluminio-serramenti-ancona-mezzi-202601.jpg\",\"contentUrl\":\"https:\\\/\\\/ecminfissi.it\\\/wp-content\\\/uploads\\\/2026\\\/01\\\/ecm-produttori-infissi-finestre-pvc-alluminio-serramenti-ancona-mezzi-202601.jpg\"},{\"@type\":\"BreadcrumbList\",\"@id\":\"https:\\\/\\\/ecminfissi.it\\\/#breadcrumb\",\"itemListElement\":[{\"@type\":\"ListItem\",\"position\":1,\"name\":\"Home\",\"item\":\"https:\\\/\\\/ecminfissi.it\\\/\"},{\"@type\":\"ListItem\",\"position\":2,\"name\":\"Home\"}]},{\"@type\":\"WebSite\",\"@id\":\"https:\\\/\\\/ecminfissi.it\\\/#website\",\"url\":\"https:\\\/\\\/ecminfissi.it\\\/\",\"name\":\"ECM Infissi\",\"description\":\"Infissi, Serramenti e Finestre in Alluminio e PVC\",\"publisher\":{\"@id\":\"https:\\\/\\\/ecminfissi.it\\\/#organization\"},\"alternateName\":\"Infissi, Serramenti e Finestre in Alluminio e PVC\",\"potentialAction\":[{\"@type\":\"SearchAction\",\"target\":{\"@type\":\"EntryPoint\",\"urlTemplate\":\"https:\\\/\\\/ecminfissi.it\\\/?s={search_term_string}\"},\"query-input\":{\"@type\":\"PropertyValueSpecification\",\"valueRequired\":true,\"valueName\":\"search_term_string\"}}],\"inLanguage\":\"de\"},{\"@type\":\"Organization\",\"@id\":\"https:\\\/\\\/ecminfissi.it\\\/#organization\",\"name\":\"ECM Infissi\",\"url\":\"https:\\\/\\\/ecminfissi.it\\\/\",\"logo\":{\"@type\":\"ImageObject\",\"inLanguage\":\"de\",\"@id\":\"https:\\\/\\\/ecminfissi.it\\\/#\\\/schema\\\/logo\\\/image\\\/\",\"url\":\"https:\\\/\\\/ecminfissi.it\\\/wp-content\\\/uploads\\\/2015\\\/11\\\/ecm-infissi-serramenti-finestre-logo.png\",\"contentUrl\":\"https:\\\/\\\/ecminfissi.it\\\/wp-content\\\/uploads\\\/2015\\\/11\\\/ecm-infissi-serramenti-finestre-logo.png\",\"width\":300,\"height\":142,\"caption\":\"ECM Infissi\"},\"image\":{\"@id\":\"https:\\\/\\\/ecminfissi.it\\\/#\\\/schema\\\/logo\\\/image\\\/\"},\"sameAs\":[\"https:\\\/\\\/www.facebook.com\\\/EcmInfissi\",\"https:\\\/\\\/it.linkedin.com\\\/company\\\/ecm-srl-produttori-di-infissi\"]}]}<\/script>\n<!-- \/ Yoast SEO plugin. -->","yoast_head_json":{"title":"Home | E.C.M. Infissi","robots":{"index":"index","follow":"follow","max-snippet":"max-snippet:-1","max-image-preview":"max-image-preview:large","max-video-preview":"max-video-preview:-1"},"canonical":"https:\/\/ecminfissi.it\/","og_locale":"de_DE","og_type":"article","og_title":"Home | E.C.M. Infissi","og_description":"E.C.M. mit Sitz in Osimo (Ancona) ist seit 1960 im Bereich der Metallverarbeitung sowie in der Herstellung, Vermarktung und Montage von Fensterrahmen, T\u00fcr- und Fenstersystemen aus Aluminium und PVC t\u00e4tig \u2013 darunter Sicherheitst\u00fcren, Innent\u00fcren, Schiebet\u00fcren, automatische T\u00fcren, Veranden, Vord\u00e4cher, Dachgauben, Sektionaltore, Rolll\u00e4den, Kipptore, Brandschutzt\u00fcren, Sicherheitsgitter, Montagezargen, Rollladenk\u00e4sten, Monobl\u00f6cke, Jalousien, Fliegengitter, Lamellenvorh\u00e4nge, Verdunkelungsvorh\u00e4nge, Fensterl\u00e4den \u2013 und [&hellip;]","og_url":"https:\/\/ecminfissi.it\/","og_site_name":"E.C.M. Infissi","article_publisher":"https:\/\/www.facebook.com\/EcmInfissi","article_modified_time":"2026-01-30T09:01:53+00:00","og_image":[{"url":"https:\/\/ecminfissi.it\/wp-content\/uploads\/2026\/01\/ecm-produttori-infissi-finestre-pvc-alluminio-serramenti-ancona-mezzi-202601.jpg","type":"","width":"","height":""}],"twitter_card":"summary_large_image","twitter_misc":{"Gesch\u00e4tzte Lesezeit":"2\u00a0Minuten"},"schema":{"@context":"https:\/\/schema.org","@graph":[{"@type":"WebPage","@id":"https:\/\/ecminfissi.it\/","url":"https:\/\/ecminfissi.it\/","name":"Home | E.C.M. Infissi","isPartOf":{"@id":"https:\/\/ecminfissi.it\/#website"},"primaryImageOfPage":{"@id":"https:\/\/ecminfissi.it\/#primaryimage"},"image":{"@id":"https:\/\/ecminfissi.it\/#primaryimage"},"thumbnailUrl":"https:\/\/ecminfissi.it\/wp-content\/uploads\/2026\/01\/ecm-produttori-infissi-finestre-pvc-alluminio-serramenti-ancona-mezzi-202601.jpg","datePublished":"2023-05-11T11:07:58+00:00","dateModified":"2026-01-30T09:01:53+00:00","breadcrumb":{"@id":"https:\/\/ecminfissi.it\/#breadcrumb"},"inLanguage":"de","potentialAction":[{"@type":"ReadAction","target":["https:\/\/ecminfissi.it\/"]}]},{"@type":"ImageObject","inLanguage":"de","@id":"https:\/\/ecminfissi.it\/#primaryimage","url":"https:\/\/ecminfissi.it\/wp-content\/uploads\/2026\/01\/ecm-produttori-infissi-finestre-pvc-alluminio-serramenti-ancona-mezzi-202601.jpg","contentUrl":"https:\/\/ecminfissi.it\/wp-content\/uploads\/2026\/01\/ecm-produttori-infissi-finestre-pvc-alluminio-serramenti-ancona-mezzi-202601.jpg"},{"@type":"BreadcrumbList","@id":"https:\/\/ecminfissi.it\/#breadcrumb","itemListElement":[{"@type":"ListItem","position":1,"name":"Home","item":"https:\/\/ecminfissi.it\/"},{"@type":"ListItem","position":2,"name":"Home"}]},{"@type":"WebSite","@id":"https:\/\/ecminfissi.it\/#website","url":"https:\/\/ecminfissi.it\/","name":"ECM Infissi","description":"Infissi, Serramenti e Finestre in Alluminio e PVC","publisher":{"@id":"https:\/\/ecminfissi.it\/#organization"},"alternateName":"Infissi, Serramenti e Finestre in Alluminio e PVC","potentialAction":[{"@type":"SearchAction","target":{"@type":"EntryPoint","urlTemplate":"https:\/\/ecminfissi.it\/?s={search_term_string}"},"query-input":{"@type":"PropertyValueSpecification","valueRequired":true,"valueName":"search_term_string"}}],"inLanguage":"de"},{"@type":"Organization","@id":"https:\/\/ecminfissi.it\/#organization","name":"ECM Infissi","url":"https:\/\/ecminfissi.it\/","logo":{"@type":"ImageObject","inLanguage":"de","@id":"https:\/\/ecminfissi.it\/#\/schema\/logo\/image\/","url":"https:\/\/ecminfissi.it\/wp-content\/uploads\/2015\/11\/ecm-infissi-serramenti-finestre-logo.png","contentUrl":"https:\/\/ecminfissi.it\/wp-content\/uploads\/2015\/11\/ecm-infissi-serramenti-finestre-logo.png","width":300,"height":142,"caption":"ECM Infissi"},"image":{"@id":"https:\/\/ecminfissi.it\/#\/schema\/logo\/image\/"},"sameAs":["https:\/\/www.facebook.com\/EcmInfissi","https:\/\/it.linkedin.com\/company\/ecm-srl-produttori-di-infissi"]}]}},"_links":{"self":[{"href":"https:\/\/ecminfissi.it\/de\/wp-json\/wp\/v2\/pages\/3410","targetHints":{"allow":["GET"]}}],"collection":[{"href":"https:\/\/ecminfissi.it\/de\/wp-json\/wp\/v2\/pages"}],"about":[{"href":"https:\/\/ecminfissi.it\/de\/wp-json\/wp\/v2\/types\/page"}],"author":[{"embeddable":true,"href":"https:\/\/ecminfissi.it\/de\/wp-json\/wp\/v2\/users\/3"}],"replies":[{"embeddable":true,"href":"https:\/\/ecminfissi.it\/de\/wp-json\/wp\/v2\/comments?post=3410"}],"version-history":[{"count":0,"href":"https:\/\/ecminfissi.it\/de\/wp-json\/wp\/v2\/pages\/3410\/revisions"}],"wp:attachment":[{"href":"https:\/\/ecminfissi.it\/de\/wp-json\/wp\/v2\/media?parent=3410"}],"wp:term":[{"taxonomy":"post_tag","embeddable":true,"href":"https:\/\/ecminfissi.it\/de\/wp-json\/wp\/v2\/tags?post=3410"},{"taxonomy":"page_category","embeddable":true,"href":"https:\/\/ecminfissi.it\/de\/wp-json\/wp\/v2\/page_category?post=3410"}],"curies":[{"name":"wp","href":"https:\/\/api.w.org\/{rel}","templated":true}]}}